{"id":47835,"date":"2024-12-13T19:29:44","date_gmt":"2024-12-13T19:29:44","guid":{"rendered":"https:\/\/br.logisticsplus.com\/sobre-voce\/folhetos-e-panfletos\/"},"modified":"2024-12-19T15:18:47","modified_gmt":"2024-12-19T15:18:47","slug":"folhetos-e-panfletos","status":"publish","type":"page","link":"https:\/\/br.logisticsplus.com\/pt-br\/sobre-voce\/folhetos-e-panfletos\/","title":{"rendered":"Folhetos e panfletos"},"content":{"rendered":"<p>[et_pb_section fb_built=&#8221;1&#8243; fullwidth=&#8221;on&#8221; _builder_version=&#8221;4.23&#8243; _module_preset=&#8221;default&#8221; global_colors_info=&#8221;{}&#8221;][et_pb_fullwidth_header title=&#8221;Folhetos e panfletos&#8221; subhead=&#8221;Para saber mais sobre os servi\u00e7os e solu\u00e7\u00f5es que a Logistics Plus Brasil oferece, voc\u00ea pode visualizar ou baixar qualquer um de nossos materiais de marketing.&#8221; _builder_version=&#8221;4.27.4&#8243; _module_preset=&#8221;default&#8221; title_font=&#8221;|700|||||||&#8221; title_font_size=&#8221;72px&#8221; title_line_height=&#8221;1.25em&#8221; content_font_size=&#8221;24px&#8221; content_line_height=&#8221;1.2em&#8221; subhead_font_size=&#8221;24px&#8221; subhead_line_height=&#8221;1.2em&#8221; background_color=&#8221;#296bb7&#8243; background_image=&#8221;https:\/\/br.logisticsplus.com\/wp-content\/uploads\/sites\/12\/2024\/12\/brochures-and-flyers.jpg&#8221; custom_padding=&#8221;120px||120px||false|false&#8221; border_radii_image=&#8221;off||||&#8221; global_colors_info=&#8221;{}&#8221;][\/et_pb_fullwidth_header][\/et_pb_section][et_pb_section fb_built=&#8221;1&#8243; _builder_version=&#8221;4.23&#8243; _module_preset=&#8221;default&#8221; custom_padding=&#8221;0px||17px||false|false&#8221; global_colors_info=&#8221;{}&#8221;][et_pb_row _builder_version=&#8221;4.27.4&#8243; _module_preset=&#8221;default&#8221; animation_style=&#8221;slide&#8221; animation_intensity_slide=&#8221;24%&#8221; global_colors_info=&#8221;{}&#8221;][et_pb_column type=&#8221;4_4&#8243; _builder_version=&#8221;4.23&#8243; _module_preset=&#8221;default&#8221; custom_padding=&#8221;||||true|false&#8221; global_colors_info=&#8221;%91%93&#8243;][et_pb_text _builder_version=&#8221;4.25.1&#8243; _module_preset=&#8221;default&#8221; header_2_font=&#8221;|600|||||||&#8221; header_2_font_size=&#8221;36px&#8221; header_2_line_height=&#8221;1.2em&#8221; header_3_font_size=&#8221;30px&#8221; global_colors_info=&#8221;{}&#8221;]<\/p>\n<h2>Saiba mais sobre a Logistics Plus Brasil.<\/h2>\n<p>Logistics Plus (LP) Brasil  <span>Voc\u00ea pode acessar todas as nossas brochuras, folhetos e PowerPoints atuais. Clique em qualquer uma das imagens abaixo para visualizar ou fazer o download do documento de seu interesse. <\/span><\/p>\n<p>[\/et_pb_text][\/et_pb_column][\/et_pb_row][et_pb_row column_structure=&#8221;1_4,1_4,1_4,1_4&#8243; _builder_version=&#8221;4.27.4&#8243; _module_preset=&#8221;default&#8221; global_colors_info=&#8221;{}&#8221;][et_pb_column type=&#8221;1_4&#8243; _builder_version=&#8221;4.27.4&#8243; _module_preset=&#8221;default&#8221; global_colors_info=&#8221;{}&#8221;][et_pb_text _builder_version=&#8221;4.27.4&#8243; _module_preset=&#8221;default&#8221; global_colors_info=&#8221;{}&#8221;]<\/p>\n<p><a href=\"\/wp-content\/uploads\/sites\/12\/2024\/12\/Santos-Brazil-Shanghai.pdf\" target=\"_blank\" rel=\"noopener\"><img loading=\"lazy\" decoding=\"async\" src=\"https:\/\/br.logisticsplus.com\/wp-content\/uploads\/sites\/12\/2024\/12\/Santos-Brazil-Shanghai-232x300.png\" width=\"232\" height=\"300\" alt=\"Santos Brasil Shanghai flyer\" class=\"wp-image-47670 alignnone size-medium\"><\/a><\/p>\n<p>[\/et_pb_text][\/et_pb_column][et_pb_column type=&#8221;1_4&#8243; _builder_version=&#8221;4.27.4&#8243; _module_preset=&#8221;default&#8221; global_colors_info=&#8221;{}&#8221;][et_pb_text _builder_version=&#8221;4.27.4&#8243; _module_preset=&#8221;default&#8221; global_colors_info=&#8221;{}&#8221;]<\/p>\n<p><a href=\"\/wp-content\/uploads\/sites\/12\/2024\/12\/brazil-alcohol.pdf\" target=\"_blank\" rel=\"noopener\"><img loading=\"lazy\" decoding=\"async\" src=\"https:\/\/br.logisticsplus.com\/wp-content\/uploads\/sites\/12\/2024\/12\/brazil-alcohol-232x300.png\" width=\"232\" height=\"300\" alt=\"folheto sobre \u00e1lcool no Brasil\" class=\"wp-image-47671 alignnone size-medium\"><\/a><\/p>\n<p>[\/et_pb_text][\/et_pb_column][et_pb_column type=&#8221;1_4&#8243; _builder_version=&#8221;4.27.4&#8243; _module_preset=&#8221;default&#8221; global_colors_info=&#8221;{}&#8221;][et_pb_text _builder_version=&#8221;4.27.4&#8243; _module_preset=&#8221;default&#8221; global_colors_info=&#8221;{}&#8221;]<\/p>\n<p><a href=\"\/wp-content\/uploads\/sites\/12\/2024\/12\/brazil-transportation-agrentina.pdf\" target=\"_blank\" rel=\"noopener\"><img loading=\"lazy\" decoding=\"async\" src=\"https:\/\/br.logisticsplus.com\/wp-content\/uploads\/sites\/12\/2024\/12\/brazil-transportation-agrentina-232x300.png\" width=\"232\" height=\"300\" alt=\"transporte brasil agrentina flyer\" class=\"wp-image-47673 alignnone size-medium\"><\/a><\/p>\n<p>[\/et_pb_text][\/et_pb_column][et_pb_column type=&#8221;1_4&#8243; _builder_version=&#8221;4.27.4&#8243; _module_preset=&#8221;default&#8221; global_colors_info=&#8221;{}&#8221;][et_pb_text _builder_version=&#8221;4.27.4&#8243; _module_preset=&#8221;default&#8221; global_colors_info=&#8221;{}&#8221;]<\/p>\n<p><a href=\"\/wp-content\/uploads\/sites\/12\/2024\/12\/brazil-transportation-flyer4.pdf\" target=\"_blank\" rel=\"noopener\"><img loading=\"lazy\" decoding=\"async\" src=\"https:\/\/br.logisticsplus.com\/wp-content\/uploads\/sites\/12\/2024\/12\/brazil-transportation-flyer4-232x300.png\" width=\"232\" height=\"300\" alt=\"folheto de transporte para o Brasil4\" class=\"wp-image-47678 alignnone size-medium\"><\/a><\/p>\n<p>[\/et_pb_text][\/et_pb_column][\/et_pb_row][et_pb_row column_structure=&#8221;1_4,1_4,1_4,1_4&#8243; _builder_version=&#8221;4.27.4&#8243; _module_preset=&#8221;default&#8221; global_colors_info=&#8221;{}&#8221;][et_pb_column type=&#8221;1_4&#8243; _builder_version=&#8221;4.27.4&#8243; _module_preset=&#8221;default&#8221; global_colors_info=&#8221;{}&#8221;][et_pb_text _builder_version=&#8221;4.27.4&#8243; _module_preset=&#8221;default&#8221; global_colors_info=&#8221;{}&#8221;]<\/p>\n<p><a href=\"\/wp-content\/uploads\/sites\/12\/2024\/12\/brazil-transportation-chile.pdf\" target=\"_blank\" rel=\"noopener\"><img loading=\"lazy\" decoding=\"async\" src=\"https:\/\/br.logisticsplus.com\/wp-content\/uploads\/sites\/12\/2024\/12\/brazil-transportation-chile-232x300.png\" width=\"232\" height=\"300\" alt=\"Brasil transportation chile flyer\" class=\"wp-image-47680 alignnone size-medium\"><\/a><\/p>\n<p>[\/et_pb_text][\/et_pb_column][et_pb_column type=&#8221;1_4&#8243; _builder_version=&#8221;4.27.4&#8243; _module_preset=&#8221;default&#8221; global_colors_info=&#8221;{}&#8221;][et_pb_text _builder_version=&#8221;4.27.4&#8243; _module_preset=&#8221;default&#8221; global_colors_info=&#8221;{}&#8221;]<\/p>\n<p><a href=\"\/wp-content\/uploads\/sites\/12\/2024\/12\/brazil-transportation-flyer1.pdf\" target=\"_blank\" rel=\"noopener\"><img loading=\"lazy\" decoding=\"async\" src=\"https:\/\/br.logisticsplus.com\/wp-content\/uploads\/sites\/12\/2024\/12\/brazil-transportation-flyer1-232x300.png\" width=\"232\" height=\"300\" alt=\"folheto de transporte do brasil1\" class=\"wp-image-47685 alignnone size-medium\"><\/a><\/p>\n<p>[\/et_pb_text][\/et_pb_column][et_pb_column type=&#8221;1_4&#8243; _builder_version=&#8221;4.27.4&#8243; _module_preset=&#8221;default&#8221; global_colors_info=&#8221;{}&#8221;][et_pb_text _builder_version=&#8221;4.27.4&#8243; _module_preset=&#8221;default&#8221; global_colors_info=&#8221;{}&#8221;]<\/p>\n<p><a href=\"\/wp-content\/uploads\/sites\/12\/2024\/12\/brazil-transportation-flyer3.pdf\" target=\"_blank\" rel=\"noopener\"><img loading=\"lazy\" decoding=\"async\" src=\"https:\/\/br.logisticsplus.com\/wp-content\/uploads\/sites\/12\/2024\/12\/brazil-transportation-flyer3-232x300.png\" width=\"232\" height=\"300\" alt=\"folheto de transporte do brasil3\" class=\"wp-image-47687 alignnone size-medium\"><\/a><\/p>\n<p>[\/et_pb_text][\/et_pb_column][et_pb_column type=&#8221;1_4&#8243; _builder_version=&#8221;4.27.4&#8243; _module_preset=&#8221;default&#8221; global_colors_info=&#8221;{}&#8221;][et_pb_text _builder_version=&#8221;4.27.4&#8243; _module_preset=&#8221;default&#8221; global_colors_info=&#8221;{}&#8221;]<\/p>\n<p><a href=\"\/wp-content\/uploads\/sites\/12\/2024\/12\/brazil-transportation-paragui.pdf\" target=\"_blank\" rel=\"noopener\"><img loading=\"lazy\" decoding=\"async\" src=\"https:\/\/br.logisticsplus.com\/wp-content\/uploads\/sites\/12\/2024\/12\/brazil-transportation-paragui-232x300.png\" width=\"232\" height=\"300\" alt=\"transporte brasil paragui flyer\" class=\"wp-image-47688 alignnone size-medium\"><\/a><\/p>\n<p>[\/et_pb_text][\/et_pb_column][\/et_pb_row][et_pb_row column_structure=&#8221;1_4,1_4,1_4,1_4&#8243; _builder_version=&#8221;4.27.4&#8243; _module_preset=&#8221;default&#8221; global_colors_info=&#8221;{}&#8221;][et_pb_column type=&#8221;1_4&#8243; _builder_version=&#8221;4.27.4&#8243; _module_preset=&#8221;default&#8221; global_colors_info=&#8221;{}&#8221;][et_pb_text _builder_version=&#8221;4.27.4&#8243; _module_preset=&#8221;default&#8221; global_colors_info=&#8221;{}&#8221;]<\/p>\n<p><a href=\"\/wp-content\/uploads\/sites\/12\/2024\/12\/Santos-Brazil-shenzhen.pdf\" target=\"_blank\" rel=\"noopener\"><img loading=\"lazy\" decoding=\"async\" src=\"https:\/\/br.logisticsplus.com\/wp-content\/uploads\/sites\/12\/2024\/12\/Santos-Brazil-shenzhen-232x300.png\" width=\"232\" height=\"300\" alt=\"Santos Brasil shenzhen flyer\" class=\"wp-image-47658 alignnone size-medium\"><\/a><\/p>\n<p>[\/et_pb_text][\/et_pb_column][et_pb_column type=&#8221;1_4&#8243; _builder_version=&#8221;4.27.4&#8243; _module_preset=&#8221;default&#8221; global_colors_info=&#8221;{}&#8221;][et_pb_text _builder_version=&#8221;4.27.4&#8243; _module_preset=&#8221;default&#8221; global_colors_info=&#8221;{}&#8221;]<\/p>\n<p><a href=\"\/wp-content\/uploads\/sites\/12\/2024\/12\/Santos-Brazil-guangzhou.pdf\" target=\"_blank\" rel=\"noopener\"><img loading=\"lazy\" decoding=\"async\" src=\"https:\/\/br.logisticsplus.com\/wp-content\/uploads\/sites\/12\/2024\/12\/Santos-Brazil-guangzhou-232x300.png\" width=\"232\" height=\"300\" alt=\"Santos Brasil - flyer de guangzhou\" class=\"wp-image-47663 alignnone size-medium\"><\/a><\/p>\n<p>[\/et_pb_text][\/et_pb_column][et_pb_column type=&#8221;1_4&#8243; _builder_version=&#8221;4.27.4&#8243; _module_preset=&#8221;default&#8221; global_colors_info=&#8221;{}&#8221;][et_pb_text _builder_version=&#8221;4.27.4&#8243; _module_preset=&#8221;default&#8221; global_colors_info=&#8221;{}&#8221;]<\/p>\n<p><a href=\"\/wp-content\/uploads\/sites\/12\/2024\/12\/Santos-Brazil-ningbo.pdf\" target=\"_blank\" rel=\"noopener\"><img loading=\"lazy\" decoding=\"async\" src=\"https:\/\/br.logisticsplus.com\/wp-content\/uploads\/sites\/12\/2024\/12\/Santos-Brazil-ningbo-232x300.png\" width=\"232\" height=\"300\" alt=\"Santos Brasil ningbo flyer\" class=\"wp-image-47665 alignnone size-medium\"><\/a><\/p>\n<p>[\/et_pb_text][\/et_pb_column][et_pb_column type=&#8221;1_4&#8243; _builder_version=&#8221;4.27.4&#8243; _module_preset=&#8221;default&#8221; global_colors_info=&#8221;{}&#8221;][et_pb_text _builder_version=&#8221;4.27.4&#8243; _module_preset=&#8221;default&#8221; global_colors_info=&#8221;{}&#8221;]<\/p>\n<p><a href=\"\/wp-content\/uploads\/sites\/12\/2024\/12\/Santos-Brazil-qingdao.pdf\" target=\"_blank\" rel=\"noopener\"><img loading=\"lazy\" decoding=\"async\" src=\"https:\/\/br.logisticsplus.com\/wp-content\/uploads\/sites\/12\/2024\/12\/Santos-Brazil-qingdao-232x300.png\" width=\"232\" height=\"300\" alt=\"Santos Brasil qingdao flyer\" class=\"wp-image-47667 alignnone size-medium\"><\/a><\/p>\n<p>[\/et_pb_text][\/et_pb_column][\/et_pb_row][et_pb_row column_structure=&#8221;1_4,1_4,1_4,1_4&#8243; _builder_version=&#8221;4.27.4&#8243; _module_preset=&#8221;default&#8221; global_colors_info=&#8221;{}&#8221;][et_pb_column type=&#8221;1_4&#8243; _builder_version=&#8221;4.27.4&#8243; _module_preset=&#8221;default&#8221; global_colors_info=&#8221;{}&#8221;][et_pb_text _builder_version=&#8221;4.27.4&#8243; _module_preset=&#8221;default&#8221; global_colors_info=&#8221;{}&#8221;]<\/p>\n<p><a href=\"\/wp-content\/uploads\/sites\/12\/2024\/12\/brazil-transportation-URUGUAI-.pdf\" target=\"_blank\" rel=\"noopener\"><img loading=\"lazy\" decoding=\"async\" src=\"https:\/\/br.logisticsplus.com\/wp-content\/uploads\/sites\/12\/2024\/12\/brazil-transportation-URUGUAI-232x300.png\" width=\"232\" height=\"300\" alt=\"transporte brasil URUGUAI flyer\" class=\"wp-image-47694 alignnone size-medium\"><\/a><\/p>\n<p>[\/et_pb_text][\/et_pb_column][et_pb_column type=&#8221;1_4&#8243; _builder_version=&#8221;4.27.4&#8243; _module_preset=&#8221;default&#8221; global_colors_info=&#8221;{}&#8221;][et_pb_text _builder_version=&#8221;4.27.4&#8243; _module_preset=&#8221;default&#8221; global_colors_info=&#8221;{}&#8221;]<\/p>\n<p><a href=\"\/wp-content\/uploads\/sites\/12\/2024\/12\/LP-Brazil-Ecuador-FINAL.pdf\" target=\"_blank\" rel=\"noopener\"><img loading=\"lazy\" decoding=\"async\" src=\"https:\/\/br.logisticsplus.com\/wp-content\/uploads\/sites\/12\/2024\/12\/LP-Brazil-Ecuador-FINAL-232x300.png\" width=\"232\" height=\"300\" alt=\"LP Brasil Equador folheto FINAL\" class=\"wp-image-47696 alignnone size-medium\"><\/a><\/p>\n<p>[\/et_pb_text][\/et_pb_column][et_pb_column type=&#8221;1_4&#8243; _builder_version=&#8221;4.27.4&#8243; _module_preset=&#8221;default&#8221; global_colors_info=&#8221;{}&#8221;][et_pb_text _builder_version=&#8221;4.27.4&#8243; _module_preset=&#8221;default&#8221; hover_enabled=&#8221;0&#8243; sticky_enabled=&#8221;0&#8243;]<\/p>\n<p><a href=\"\/wp-content\/uploads\/sites\/12\/2024\/12\/Santos-Brazil-hong-kong.pdf\" target=\"_blank\" rel=\"noopener\"><img loading=\"lazy\" decoding=\"async\" src=\"https:\/\/br.logisticsplus.com\/wp-content\/uploads\/sites\/12\/2024\/12\/Santos-Brazil-hong-kong-1-232x300.png\" width=\"232\" height=\"300\" alt=\"Santos Brasil hong kong flyer\" class=\"wp-image-47736 alignnone size-medium\"><\/a><\/p>\n<p>[\/et_pb_text][\/et_pb_column][et_pb_column type=&#8221;1_4&#8243; _builder_version=&#8221;4.27.4&#8243; _module_preset=&#8221;default&#8221; global_colors_info=&#8221;{}&#8221;][\/et_pb_column][\/et_pb_row][\/et_pb_section]<\/p>\n","protected":false},"excerpt":{"rendered":"<p>Saiba mais sobre a Logistics Plus Brasil. Logistics Plus (LP) Brasil Voc\u00ea pode acessar todas as nossas brochuras, folhetos e PowerPoints atuais. Clique em qualquer uma das imagens abaixo para visualizar ou fazer o download do documento de seu interesse.<\/p>\n","protected":false},"author":13,"featured_media":0,"parent":47832,"menu_order":0,"comment_status":"closed","ping_status":"closed","template":"","meta":{"_et_pb_use_builder":"on","_et_pb_old_content":"","_et_gb_content_width":"","footnotes":""},"class_list":["post-47835","page","type-page","status-publish","hentry"],"yoast_head":"<!-- This site is optimized with the Yoast SEO plugin v27.3 - https:\/\/yoast.com\/product\/yoast-seo-wordpress\/ -->\n<title>Folhetos e panfletos - LP Brasil<\/title>\n<meta name=\"description\" content=\"Para saber mais sobre as solu\u00e7\u00f5es que a Logistics Plus Brasil oferece, voc\u00ea pode visualizar ou fazer o download de qualquer um de nossos folhetos ou brochuras de marketing.\" \/>\n<meta name=\"robots\" content=\"index, follow, max-snippet:-1, max-image-preview:large, max-video-preview:-1\" \/>\n<link rel=\"canonical\" href=\"https:\/\/br.logisticsplus.com\/pt-br\/sobre-voce\/folhetos-e-panfletos\/\" \/>\n<meta property=\"og:locale\" content=\"pt_BR\" \/>\n<meta property=\"og:type\" content=\"article\" \/>\n<meta property=\"og:title\" content=\"Folhetos e panfletos - LP Brasil\" \/>\n<meta property=\"og:description\" content=\"Para saber mais sobre as solu\u00e7\u00f5es que a Logistics Plus Brasil oferece, voc\u00ea pode visualizar ou fazer o download de qualquer um de nossos folhetos ou brochuras de marketing.\" \/>\n<meta property=\"og:url\" content=\"https:\/\/br.logisticsplus.com\/pt-br\/sobre-voce\/folhetos-e-panfletos\/\" \/>\n<meta property=\"og:site_name\" content=\"Brazil\" \/>\n<meta property=\"article:modified_time\" content=\"2024-12-19T15:18:47+00:00\" \/>\n<meta property=\"og:image\" content=\"https:\/\/br.logisticsplus.com\/wp-content\/uploads\/sites\/12\/2024\/12\/Santos-Brazil-Shanghai-232x300.png\" \/>\n<meta name=\"twitter:card\" content=\"summary_large_image\" \/>\n<meta name=\"twitter:label1\" content=\"Est. reading time\" \/>\n\t<meta name=\"twitter:data1\" content=\"4 minutes\" \/>\n<script type=\"application\/ld+json\" class=\"yoast-schema-graph\">{\"@context\":\"https:\\\/\\\/schema.org\",\"@graph\":[{\"@type\":\"WebPage\",\"@id\":\"https:\\\/\\\/br.logisticsplus.com\\\/pt-br\\\/sobre-voce\\\/folhetos-e-panfletos\\\/\",\"url\":\"https:\\\/\\\/br.logisticsplus.com\\\/pt-br\\\/sobre-voce\\\/folhetos-e-panfletos\\\/\",\"name\":\"Folhetos e panfletos - LP Brasil\",\"isPartOf\":{\"@id\":\"https:\\\/\\\/br.logisticsplus.com\\\/pt-br\\\/#website\"},\"primaryImageOfPage\":{\"@id\":\"https:\\\/\\\/br.logisticsplus.com\\\/pt-br\\\/sobre-voce\\\/folhetos-e-panfletos\\\/#primaryimage\"},\"image\":{\"@id\":\"https:\\\/\\\/br.logisticsplus.com\\\/pt-br\\\/sobre-voce\\\/folhetos-e-panfletos\\\/#primaryimage\"},\"thumbnailUrl\":\"https:\\\/\\\/br.logisticsplus.com\\\/wp-content\\\/uploads\\\/sites\\\/12\\\/2024\\\/12\\\/Santos-Brazil-Shanghai-232x300.png\",\"datePublished\":\"2024-12-13T19:29:44+00:00\",\"dateModified\":\"2024-12-19T15:18:47+00:00\",\"description\":\"Para saber mais sobre as solu\u00e7\u00f5es que a Logistics Plus Brasil oferece, voc\u00ea pode visualizar ou fazer o download de qualquer um de nossos folhetos ou brochuras de marketing.\",\"breadcrumb\":{\"@id\":\"https:\\\/\\\/br.logisticsplus.com\\\/pt-br\\\/sobre-voce\\\/folhetos-e-panfletos\\\/#breadcrumb\"},\"inLanguage\":\"pt-BR\",\"potentialAction\":[{\"@type\":\"ReadAction\",\"target\":[\"https:\\\/\\\/br.logisticsplus.com\\\/pt-br\\\/sobre-voce\\\/folhetos-e-panfletos\\\/\"]}]},{\"@type\":\"ImageObject\",\"inLanguage\":\"pt-BR\",\"@id\":\"https:\\\/\\\/br.logisticsplus.com\\\/pt-br\\\/sobre-voce\\\/folhetos-e-panfletos\\\/#primaryimage\",\"url\":\"https:\\\/\\\/br.logisticsplus.com\\\/wp-content\\\/uploads\\\/sites\\\/12\\\/2024\\\/12\\\/Santos-Brazil-Shanghai-232x300.png\",\"contentUrl\":\"https:\\\/\\\/br.logisticsplus.com\\\/wp-content\\\/uploads\\\/sites\\\/12\\\/2024\\\/12\\\/Santos-Brazil-Shanghai-232x300.png\"},{\"@type\":\"BreadcrumbList\",\"@id\":\"https:\\\/\\\/br.logisticsplus.com\\\/pt-br\\\/sobre-voce\\\/folhetos-e-panfletos\\\/#breadcrumb\",\"itemListElement\":[{\"@type\":\"ListItem\",\"position\":1,\"name\":\"Home\",\"item\":\"https:\\\/\\\/br.logisticsplus.com\\\/pt-br\\\/\"},{\"@type\":\"ListItem\",\"position\":2,\"name\":\"Sobre voc\u00ea\",\"item\":\"https:\\\/\\\/br.logisticsplus.com\\\/pt-br\\\/about-lp-brazil\\\/\"},{\"@type\":\"ListItem\",\"position\":3,\"name\":\"Folhetos e panfletos\"}]},{\"@type\":\"WebSite\",\"@id\":\"https:\\\/\\\/br.logisticsplus.com\\\/pt-br\\\/#website\",\"url\":\"https:\\\/\\\/br.logisticsplus.com\\\/pt-br\\\/\",\"name\":\"Brazil\",\"description\":\"Logistics Plus Transportation, Warehousing, Supply Chain\",\"potentialAction\":[{\"@type\":\"SearchAction\",\"target\":{\"@type\":\"EntryPoint\",\"urlTemplate\":\"https:\\\/\\\/br.logisticsplus.com\\\/pt-br\\\/?s={search_term_string}\"},\"query-input\":{\"@type\":\"PropertyValueSpecification\",\"valueRequired\":true,\"valueName\":\"search_term_string\"}}],\"inLanguage\":\"pt-BR\"}]}<\/script>\n<!-- \/ Yoast SEO plugin. -->","yoast_head_json":{"title":"Folhetos e panfletos - LP Brasil","description":"Para saber mais sobre as solu\u00e7\u00f5es que a Logistics Plus Brasil oferece, voc\u00ea pode visualizar ou fazer o download de qualquer um de nossos folhetos ou brochuras de marketing.","robots":{"index":"index","follow":"follow","max-snippet":"max-snippet:-1","max-image-preview":"max-image-preview:large","max-video-preview":"max-video-preview:-1"},"canonical":"https:\/\/br.logisticsplus.com\/pt-br\/sobre-voce\/folhetos-e-panfletos\/","og_locale":"pt_BR","og_type":"article","og_title":"Folhetos e panfletos - LP Brasil","og_description":"Para saber mais sobre as solu\u00e7\u00f5es que a Logistics Plus Brasil oferece, voc\u00ea pode visualizar ou fazer o download de qualquer um de nossos folhetos ou brochuras de marketing.","og_url":"https:\/\/br.logisticsplus.com\/pt-br\/sobre-voce\/folhetos-e-panfletos\/","og_site_name":"Brazil","article_modified_time":"2024-12-19T15:18:47+00:00","og_image":[{"url":"https:\/\/br.logisticsplus.com\/wp-content\/uploads\/sites\/12\/2024\/12\/Santos-Brazil-Shanghai-232x300.png","type":"","width":"","height":""}],"twitter_card":"summary_large_image","twitter_misc":{"Est. reading time":"4 minutes"},"schema":{"@context":"https:\/\/schema.org","@graph":[{"@type":"WebPage","@id":"https:\/\/br.logisticsplus.com\/pt-br\/sobre-voce\/folhetos-e-panfletos\/","url":"https:\/\/br.logisticsplus.com\/pt-br\/sobre-voce\/folhetos-e-panfletos\/","name":"Folhetos e panfletos - LP Brasil","isPartOf":{"@id":"https:\/\/br.logisticsplus.com\/pt-br\/#website"},"primaryImageOfPage":{"@id":"https:\/\/br.logisticsplus.com\/pt-br\/sobre-voce\/folhetos-e-panfletos\/#primaryimage"},"image":{"@id":"https:\/\/br.logisticsplus.com\/pt-br\/sobre-voce\/folhetos-e-panfletos\/#primaryimage"},"thumbnailUrl":"https:\/\/br.logisticsplus.com\/wp-content\/uploads\/sites\/12\/2024\/12\/Santos-Brazil-Shanghai-232x300.png","datePublished":"2024-12-13T19:29:44+00:00","dateModified":"2024-12-19T15:18:47+00:00","description":"Para saber mais sobre as solu\u00e7\u00f5es que a Logistics Plus Brasil oferece, voc\u00ea pode visualizar ou fazer o download de qualquer um de nossos folhetos ou brochuras de marketing.","breadcrumb":{"@id":"https:\/\/br.logisticsplus.com\/pt-br\/sobre-voce\/folhetos-e-panfletos\/#breadcrumb"},"inLanguage":"pt-BR","potentialAction":[{"@type":"ReadAction","target":["https:\/\/br.logisticsplus.com\/pt-br\/sobre-voce\/folhetos-e-panfletos\/"]}]},{"@type":"ImageObject","inLanguage":"pt-BR","@id":"https:\/\/br.logisticsplus.com\/pt-br\/sobre-voce\/folhetos-e-panfletos\/#primaryimage","url":"https:\/\/br.logisticsplus.com\/wp-content\/uploads\/sites\/12\/2024\/12\/Santos-Brazil-Shanghai-232x300.png","contentUrl":"https:\/\/br.logisticsplus.com\/wp-content\/uploads\/sites\/12\/2024\/12\/Santos-Brazil-Shanghai-232x300.png"},{"@type":"BreadcrumbList","@id":"https:\/\/br.logisticsplus.com\/pt-br\/sobre-voce\/folhetos-e-panfletos\/#breadcrumb","itemListElement":[{"@type":"ListItem","position":1,"name":"Home","item":"https:\/\/br.logisticsplus.com\/pt-br\/"},{"@type":"ListItem","position":2,"name":"Sobre voc\u00ea","item":"https:\/\/br.logisticsplus.com\/pt-br\/about-lp-brazil\/"},{"@type":"ListItem","position":3,"name":"Folhetos e panfletos"}]},{"@type":"WebSite","@id":"https:\/\/br.logisticsplus.com\/pt-br\/#website","url":"https:\/\/br.logisticsplus.com\/pt-br\/","name":"Brazil","description":"Logistics Plus Transportation, Warehousing, Supply Chain","potentialAction":[{"@type":"SearchAction","target":{"@type":"EntryPoint","urlTemplate":"https:\/\/br.logisticsplus.com\/pt-br\/?s={search_term_string}"},"query-input":{"@type":"PropertyValueSpecification","valueRequired":true,"valueName":"search_term_string"}}],"inLanguage":"pt-BR"}]}},"_links":{"self":[{"href":"https:\/\/br.logisticsplus.com\/pt-br\/wp-json\/wp\/v2\/pages\/47835","targetHints":{"allow":["GET"]}}],"collection":[{"href":"https:\/\/br.logisticsplus.com\/pt-br\/wp-json\/wp\/v2\/pages"}],"about":[{"href":"https:\/\/br.logisticsplus.com\/pt-br\/wp-json\/wp\/v2\/types\/page"}],"author":[{"embeddable":true,"href":"https:\/\/br.logisticsplus.com\/pt-br\/wp-json\/wp\/v2\/users\/13"}],"replies":[{"embeddable":true,"href":"https:\/\/br.logisticsplus.com\/pt-br\/wp-json\/wp\/v2\/comments?post=47835"}],"version-history":[{"count":2,"href":"https:\/\/br.logisticsplus.com\/pt-br\/wp-json\/wp\/v2\/pages\/47835\/revisions"}],"predecessor-version":[{"id":47837,"href":"https:\/\/br.logisticsplus.com\/pt-br\/wp-json\/wp\/v2\/pages\/47835\/revisions\/47837"}],"up":[{"embeddable":true,"href":"https:\/\/br.logisticsplus.com\/pt-br\/wp-json\/wp\/v2\/pages\/47832"}],"wp:attachment":[{"href":"https:\/\/br.logisticsplus.com\/pt-br\/wp-json\/wp\/v2\/media?parent=47835"}],"curies":[{"name":"wp","href":"https:\/\/api.w.org\/{rel}","templated":true}]}}