{"id":47843,"date":"2024-09-17T19:05:44","date_gmt":"2024-09-17T19:05:44","guid":{"rendered":"https:\/\/br.logisticsplus.com\/tecnologia\/"},"modified":"2024-12-19T15:19:31","modified_gmt":"2024-12-19T15:19:31","slug":"tecnologia","status":"publish","type":"page","link":"https:\/\/br.logisticsplus.com\/pt-br\/tecnologia\/","title":{"rendered":"Tecnologia"},"content":{"rendered":"<p>[et_pb_section fb_built=&#8221;1&#8243; fullwidth=&#8221;on&#8221; _builder_version=&#8221;4.23&#8243; _module_preset=&#8221;default&#8221; global_colors_info=&#8221;{}&#8221;][et_pb_fullwidth_header title=&#8221;Solu\u00e7\u00f5es tecnol\u00f3gicas&#8221; subhead=&#8221;O Logistics Plus\u00ae tem solu\u00e7\u00f5es tecnol\u00f3gicas de classe mundial e f\u00e1ceis de usar para todas as facetas da log\u00edstica e do gerenciamento da cadeia de suprimentos.&#8221; _builder_version=&#8221;4.27.4&#8243; _module_preset=&#8221;default&#8221; title_font=&#8221;|700|||||||&#8221; title_font_size=&#8221;72px&#8221; title_line_height=&#8221;1.25em&#8221; content_font_size=&#8221;24px&#8221; content_line_height=&#8221;1.2em&#8221; subhead_font_size=&#8221;24px&#8221; subhead_line_height=&#8221;1.2em&#8221; background_color=&#8221;#296bb7&#8243; custom_padding=&#8221;120px||120px||false|false&#8221; hover_enabled=&#8221;0&#8243; border_radii_image=&#8221;off||||&#8221; global_colors_info=&#8221;{}&#8221; alt=&#8221;technology banner&#8221; title_text=&#8221;technology banner&#8221; background_image=&#8221;https:\/\/br.logisticsplus.com\/wp-content\/uploads\/sites\/12\/2024\/12\/technology-banner.jpg&#8221; sticky_enabled=&#8221;0&#8243;][\/et_pb_fullwidth_header][\/et_pb_section][et_pb_section fb_built=&#8221;1&#8243; _builder_version=&#8221;4.23&#8243; _module_preset=&#8221;default&#8221; custom_padding=&#8221;0px||17px||false|false&#8221; global_colors_info=&#8221;{}&#8221;][et_pb_row column_structure=&#8221;1_2,1_2&#8243; _builder_version=&#8221;4.25.1&#8243; _module_preset=&#8221;default&#8221; animation_style=&#8221;slide&#8221; animation_intensity_slide=&#8221;24%&#8221; global_colors_info=&#8221;{}&#8221;][et_pb_column type=&#8221;1_2&#8243; _builder_version=&#8221;4.23&#8243; _module_preset=&#8221;default&#8221; custom_padding=&#8221;||||true|false&#8221; global_colors_info=&#8221;%91%93&#8243;][et_pb_text _builder_version=&#8221;4.25.1&#8243; _module_preset=&#8221;default&#8221; header_2_font=&#8221;|600|||||||&#8221; header_2_font_size=&#8221;36px&#8221; header_2_line_height=&#8221;1.2em&#8221; header_3_font_size=&#8221;30px&#8221; global_colors_info=&#8221;{}&#8221;]<\/p>\n<h2>Solu\u00e7\u00f5es tecnol\u00f3gicas de classe mundial.<\/h2>\n<p>A tecnologia de classe mundial do Logistics Plus \u00e9 constru\u00edda em plataformas padr\u00e3o do setor com portais personalizados e funcionalidade exclusiva projetada para fornecer aos nossos clientes ferramentas, informa\u00e7\u00f5es e pain\u00e9is de controle valiosos. Nossa equipe de especialistas em desenvolvimento, integra\u00e7\u00e3o e business intelligence (BI) integra as melhores plataformas da categoria e personalizadas para oferecer um ecossistema geral que pode ser perfeitamente integrado \u00e0s cadeias de suprimentos globais. <\/p>\n<p>O MyLogisticsPlus\u2122 \u00e9 o nosso portal voltado para o cliente, personalizado para atender aos requisitos espec\u00edficos de visualiza\u00e7\u00e3o, gera\u00e7\u00e3o de relat\u00f3rios e usabilidade de nossos clientes, al\u00e9m de oferecer funcionalidade estendida (via desktop e PC).<\/p>\n<p>[\/et_pb_text][\/et_pb_column][et_pb_column type=&#8221;1_2&#8243; _builder_version=&#8221;4.25.1&#8243; _module_preset=&#8221;default&#8221; global_colors_info=&#8221;{}&#8221;][et_pb_image src=&#8221;https:\/\/pl.beta.logisticsplus.com\/wp-content\/uploads\/sites\/12\/2024\/09\/technology-solutions-1.jpg&#8221; title_text=&#8221;tecnologia-solu\u00e7\u00f5es-1&#8243; _builder_version=&#8221;4.25.1&#8243; _module_preset=&#8221;default&#8221; border_radii=&#8221;on|6px|6px|6px|6px&#8221; box_shadow_style=&#8221;preset1&#8243; box_shadow_vertical=&#8221;0px&#8221; box_shadow_spread=&#8221;-6px&#8221; global_colors_info=&#8221;{}&#8221;][\/et_pb_image][\/et_pb_column][\/et_pb_row][\/et_pb_section][et_pb_section fb_built=&#8221;1&#8243; _builder_version=&#8221;4.25.1&#8243; _module_preset=&#8221;default&#8221; custom_margin=&#8221;0px||0px||false|false&#8221; custom_padding=&#8221;0px||0px||false|false&#8221; global_colors_info=&#8221;{}&#8221;][et_pb_row _builder_version=&#8221;4.25.1&#8243; _module_preset=&#8221;default&#8221; custom_margin=&#8221;||0px||false|false&#8221; custom_padding=&#8221;||0px||false|false&#8221; global_colors_info=&#8221;{}&#8221;][et_pb_column type=&#8221;4_4&#8243; _builder_version=&#8221;4.25.1&#8243; _module_preset=&#8221;default&#8221; global_colors_info=&#8221;{}&#8221;][et_pb_text _builder_version=&#8221;4.25.1&#8243; _module_preset=&#8221;default&#8221; header_2_font=&#8221;|700|||||||&#8221; header_2_text_align=&#8221;center&#8221; header_2_font_size=&#8221;36px&#8221; custom_margin=&#8221;||0px||false|false&#8221; custom_padding=&#8221;||0px||false|false&#8221; global_colors_info=&#8221;{}&#8221;]<\/p>\n<div class=\"et_pb_section et_pb_section_2 et_section_regular\">\n<div class=\"et_pb_row et_pb_row_1 et_had_animation\">\n<div class=\"et_pb_column et_pb_column_4_4 et_pb_column_2 et_pb_css_mix_blend_mode_passthrough et-last-child\">\n<div class=\"et_pb_module et_pb_heading et_pb_heading_0 et_pb_bg_layout_\">\n<div class=\"et_pb_heading_container\">\n<h2 class=\"et_pb_module_heading\">Nossos principais sistemas de tecnologia:<\/h2>\n<\/div>\n<\/div>\n<\/div>\n<\/div>\n<\/div>\n<p>[\/et_pb_text][\/et_pb_column][\/et_pb_row][\/et_pb_section][et_pb_section fb_built=&#8221;1&#8243; _builder_version=&#8221;4.23&#8243; _module_preset=&#8221;default&#8221; background_color=&#8221;#ffffff&#8221; custom_padding=&#8221;0px||0px||false|false&#8221; global_colors_info=&#8221;{}&#8221;][et_pb_row column_structure=&#8221;1_2,1_2&#8243; _builder_version=&#8221;4.23&#8243; _module_preset=&#8221;default&#8221; animation_style=&#8221;slide&#8221; animation_intensity_slide=&#8221;24%&#8221; global_colors_info=&#8221;{}&#8221;][et_pb_column type=&#8221;1_2&#8243; _builder_version=&#8221;4.23&#8243; _module_preset=&#8221;default&#8221; custom_padding=&#8221;||||true|false&#8221; global_colors_info=&#8221;%91%93&#8243;][et_pb_image src=&#8221;https:\/\/pl.beta.logisticsplus.com\/wp-content\/uploads\/sites\/12\/2024\/09\/mylogisticsplus2-1024&#215;134-1.png&#8221; title_text=&#8221;mylogisticsplus2-1024&#215;134-1&#8243; _builder_version=&#8221;4.25.1&#8243; _module_preset=&#8221;default&#8221; global_colors_info=&#8221;{}&#8221;][\/et_pb_image][et_pb_text module_class=&#8221;custom_checkmark_bullets&#8221; _builder_version=&#8221;4.25.1&#8243; _module_preset=&#8221;default&#8221; header_3_font=&#8221;|600|||||||&#8221; header_3_text_color=&#8221;#296bb7&#8243; header_3_font_size=&#8221;24px&#8221; header_3_line_height=&#8221;1.2em&#8221; custom_padding=&#8221;||||false|false&#8221; global_colors_info=&#8221;{}&#8221;]<\/p>\n<ul>\n<li>Relat\u00f3rios personalizados<\/li>\n<li>Rastreamento consolidado<\/li>\n<li>Intelig\u00eancia de neg\u00f3cios (BI)<\/li>\n<li>Dashboards e visualiza\u00e7\u00f5es de dados, com a tecnologia Qlik\u00ae.<\/li>\n<li>Integra\u00e7\u00f5es de dados<\/li>\n<li>Ferramentas administrativas e de treinamento<\/li>\n<li>Aplicativo m\u00f3vel para iPhone e Android<\/li>\n<li>Requer acesso especial<\/li>\n<\/ul>\n<p>[\/et_pb_text][\/et_pb_column][et_pb_column type=&#8221;1_2&#8243; _builder_version=&#8221;4.23&#8243; _module_preset=&#8221;default&#8221; custom_padding=&#8221;||||true|false&#8221; global_colors_info=&#8221;%91%93&#8243;][et_pb_image src=&#8221;https:\/\/pl.beta.logisticsplus.com\/wp-content\/uploads\/sites\/12\/2024\/09\/eWorldPlus_logo-1-600&#215;97-1.png&#8221; title_text=&#8221;eWorldPlus_logo-1-600&#215;97&#8243; _builder_version=&#8221;4.25.1&#8243; _module_preset=&#8221;default&#8221; global_colors_info=&#8221;{}&#8221;][\/et_pb_image][et_pb_text module_class=&#8221;custom_checkmark_bullets&#8221; _builder_version=&#8221;4.25.1&#8243; _module_preset=&#8221;default&#8221; header_3_font=&#8221;|600|||||||&#8221; header_3_text_color=&#8221;#296bb7&#8243; header_3_font_size=&#8221;24px&#8221; header_3_line_height=&#8221;1.2em&#8221; custom_padding=&#8221;||||false|false&#8221; global_colors_info=&#8221;{}&#8221;]<\/p>\n<ul>\n<li>Gerenciamento de cargas internacionais com o CargoWise One\u00ae.<\/li>\n<li>Solicite cota\u00e7\u00f5es pontuais para suas remessas internacionais<\/li>\n<li>Acompanhe as movimenta\u00e7\u00f5es de remessas e cont\u00eaineres<\/li>\n<li>Arquivar a documenta\u00e7\u00e3o alfandeg\u00e1ria<\/li>\n<li>Verificar o estoque de produtos e gerenciar o armazenamento (WMS)<\/li>\n<li>Visualize pain\u00e9is de remessa e execute relat\u00f3rios sobre seu hist\u00f3rico de remessas<\/li>\n<li>Pague faturas on-line &#8230; e muito mais!<\/li>\n<\/ul>\n<p>[\/et_pb_text][\/et_pb_column][\/et_pb_row][\/et_pb_section]<\/p>\n","protected":false},"excerpt":{"rendered":"<p>Solu\u00e7\u00f5es tecnol\u00f3gicas de classe mundial. A tecnologia de classe mundial do Logistics Plus \u00e9 constru\u00edda em plataformas padr\u00e3o do setor com portais personalizados e funcionalidade exclusiva projetada para fornecer aos nossos clientes ferramentas, informa\u00e7\u00f5es e pain\u00e9is de controle valiosos. Nossa equipe de especialistas em desenvolvimento, integra\u00e7\u00e3o e business intelligence (BI) integra as melhores plataformas da [&hellip;]<\/p>\n","protected":false},"author":19,"featured_media":0,"parent":0,"menu_order":0,"comment_status":"closed","ping_status":"closed","template":"","meta":{"_et_pb_use_builder":"on","_et_pb_old_content":"","_et_gb_content_width":"","footnotes":""},"class_list":["post-47843","page","type-page","status-publish","hentry"],"yoast_head":"<!-- This site is optimized with the Yoast SEO plugin v27.3 - https:\/\/yoast.com\/product\/yoast-seo-wordpress\/ -->\n<title>Tecnologia - LP Brasil<\/title>\n<meta name=\"description\" content=\"A Logistics Plus Brasil tem solu\u00e7\u00f5es tecnol\u00f3gicas de classe mundial e f\u00e1ceis de usar para todas as facetas da log\u00edstica e do gerenciamento da cadeia de suprimentos.\" \/>\n<meta name=\"robots\" content=\"index, follow, max-snippet:-1, max-image-preview:large, max-video-preview:-1\" \/>\n<link rel=\"canonical\" href=\"https:\/\/br.logisticsplus.com\/pt-br\/tecnologia\/\" \/>\n<meta property=\"og:locale\" content=\"pt_BR\" \/>\n<meta property=\"og:type\" content=\"article\" \/>\n<meta property=\"og:title\" content=\"Tecnologia - LP Brasil\" \/>\n<meta property=\"og:description\" content=\"A Logistics Plus Brasil tem solu\u00e7\u00f5es tecnol\u00f3gicas de classe mundial e f\u00e1ceis de usar para todas as facetas da log\u00edstica e do gerenciamento da cadeia de suprimentos.\" \/>\n<meta property=\"og:url\" content=\"https:\/\/br.logisticsplus.com\/pt-br\/tecnologia\/\" \/>\n<meta property=\"og:site_name\" content=\"Brazil\" \/>\n<meta property=\"article:modified_time\" content=\"2024-12-19T15:19:31+00:00\" \/>\n<meta name=\"twitter:card\" content=\"summary_large_image\" \/>\n<meta name=\"twitter:label1\" content=\"Est. reading time\" \/>\n\t<meta name=\"twitter:data1\" content=\"4 minutes\" \/>\n<script type=\"application\/ld+json\" class=\"yoast-schema-graph\">{\"@context\":\"https:\\\/\\\/schema.org\",\"@graph\":[{\"@type\":\"WebPage\",\"@id\":\"https:\\\/\\\/br.logisticsplus.com\\\/pt-br\\\/tecnologia\\\/\",\"url\":\"https:\\\/\\\/br.logisticsplus.com\\\/pt-br\\\/tecnologia\\\/\",\"name\":\"Tecnologia - LP Brasil\",\"isPartOf\":{\"@id\":\"https:\\\/\\\/br.logisticsplus.com\\\/pt-br\\\/#website\"},\"datePublished\":\"2024-09-17T19:05:44+00:00\",\"dateModified\":\"2024-12-19T15:19:31+00:00\",\"description\":\"A Logistics Plus Brasil tem solu\u00e7\u00f5es tecnol\u00f3gicas de classe mundial e f\u00e1ceis de usar para todas as facetas da log\u00edstica e do gerenciamento da cadeia de suprimentos.\",\"breadcrumb\":{\"@id\":\"https:\\\/\\\/br.logisticsplus.com\\\/pt-br\\\/tecnologia\\\/#breadcrumb\"},\"inLanguage\":\"pt-BR\",\"potentialAction\":[{\"@type\":\"ReadAction\",\"target\":[\"https:\\\/\\\/br.logisticsplus.com\\\/pt-br\\\/tecnologia\\\/\"]}]},{\"@type\":\"BreadcrumbList\",\"@id\":\"https:\\\/\\\/br.logisticsplus.com\\\/pt-br\\\/tecnologia\\\/#breadcrumb\",\"itemListElement\":[{\"@type\":\"ListItem\",\"position\":1,\"name\":\"Home\",\"item\":\"https:\\\/\\\/br.logisticsplus.com\\\/pt-br\\\/\"},{\"@type\":\"ListItem\",\"position\":2,\"name\":\"Tecnologia\"}]},{\"@type\":\"WebSite\",\"@id\":\"https:\\\/\\\/br.logisticsplus.com\\\/pt-br\\\/#website\",\"url\":\"https:\\\/\\\/br.logisticsplus.com\\\/pt-br\\\/\",\"name\":\"Brazil\",\"description\":\"Logistics Plus Transportation, Warehousing, Supply Chain\",\"potentialAction\":[{\"@type\":\"SearchAction\",\"target\":{\"@type\":\"EntryPoint\",\"urlTemplate\":\"https:\\\/\\\/br.logisticsplus.com\\\/pt-br\\\/?s={search_term_string}\"},\"query-input\":{\"@type\":\"PropertyValueSpecification\",\"valueRequired\":true,\"valueName\":\"search_term_string\"}}],\"inLanguage\":\"pt-BR\"}]}<\/script>\n<!-- \/ Yoast SEO plugin. -->","yoast_head_json":{"title":"Tecnologia - LP Brasil","description":"A Logistics Plus Brasil tem solu\u00e7\u00f5es tecnol\u00f3gicas de classe mundial e f\u00e1ceis de usar para todas as facetas da log\u00edstica e do gerenciamento da cadeia de suprimentos.","robots":{"index":"index","follow":"follow","max-snippet":"max-snippet:-1","max-image-preview":"max-image-preview:large","max-video-preview":"max-video-preview:-1"},"canonical":"https:\/\/br.logisticsplus.com\/pt-br\/tecnologia\/","og_locale":"pt_BR","og_type":"article","og_title":"Tecnologia - LP Brasil","og_description":"A Logistics Plus Brasil tem solu\u00e7\u00f5es tecnol\u00f3gicas de classe mundial e f\u00e1ceis de usar para todas as facetas da log\u00edstica e do gerenciamento da cadeia de suprimentos.","og_url":"https:\/\/br.logisticsplus.com\/pt-br\/tecnologia\/","og_site_name":"Brazil","article_modified_time":"2024-12-19T15:19:31+00:00","twitter_card":"summary_large_image","twitter_misc":{"Est. reading time":"4 minutes"},"schema":{"@context":"https:\/\/schema.org","@graph":[{"@type":"WebPage","@id":"https:\/\/br.logisticsplus.com\/pt-br\/tecnologia\/","url":"https:\/\/br.logisticsplus.com\/pt-br\/tecnologia\/","name":"Tecnologia - LP Brasil","isPartOf":{"@id":"https:\/\/br.logisticsplus.com\/pt-br\/#website"},"datePublished":"2024-09-17T19:05:44+00:00","dateModified":"2024-12-19T15:19:31+00:00","description":"A Logistics Plus Brasil tem solu\u00e7\u00f5es tecnol\u00f3gicas de classe mundial e f\u00e1ceis de usar para todas as facetas da log\u00edstica e do gerenciamento da cadeia de suprimentos.","breadcrumb":{"@id":"https:\/\/br.logisticsplus.com\/pt-br\/tecnologia\/#breadcrumb"},"inLanguage":"pt-BR","potentialAction":[{"@type":"ReadAction","target":["https:\/\/br.logisticsplus.com\/pt-br\/tecnologia\/"]}]},{"@type":"BreadcrumbList","@id":"https:\/\/br.logisticsplus.com\/pt-br\/tecnologia\/#breadcrumb","itemListElement":[{"@type":"ListItem","position":1,"name":"Home","item":"https:\/\/br.logisticsplus.com\/pt-br\/"},{"@type":"ListItem","position":2,"name":"Tecnologia"}]},{"@type":"WebSite","@id":"https:\/\/br.logisticsplus.com\/pt-br\/#website","url":"https:\/\/br.logisticsplus.com\/pt-br\/","name":"Brazil","description":"Logistics Plus Transportation, Warehousing, Supply Chain","potentialAction":[{"@type":"SearchAction","target":{"@type":"EntryPoint","urlTemplate":"https:\/\/br.logisticsplus.com\/pt-br\/?s={search_term_string}"},"query-input":{"@type":"PropertyValueSpecification","valueRequired":true,"valueName":"search_term_string"}}],"inLanguage":"pt-BR"}]}},"_links":{"self":[{"href":"https:\/\/br.logisticsplus.com\/pt-br\/wp-json\/wp\/v2\/pages\/47843","targetHints":{"allow":["GET"]}}],"collection":[{"href":"https:\/\/br.logisticsplus.com\/pt-br\/wp-json\/wp\/v2\/pages"}],"about":[{"href":"https:\/\/br.logisticsplus.com\/pt-br\/wp-json\/wp\/v2\/types\/page"}],"author":[{"embeddable":true,"href":"https:\/\/br.logisticsplus.com\/pt-br\/wp-json\/wp\/v2\/users\/19"}],"replies":[{"embeddable":true,"href":"https:\/\/br.logisticsplus.com\/pt-br\/wp-json\/wp\/v2\/comments?post=47843"}],"version-history":[{"count":2,"href":"https:\/\/br.logisticsplus.com\/pt-br\/wp-json\/wp\/v2\/pages\/47843\/revisions"}],"predecessor-version":[{"id":47845,"href":"https:\/\/br.logisticsplus.com\/pt-br\/wp-json\/wp\/v2\/pages\/47843\/revisions\/47845"}],"wp:attachment":[{"href":"https:\/\/br.logisticsplus.com\/pt-br\/wp-json\/wp\/v2\/media?parent=47843"}],"curies":[{"name":"wp","href":"https:\/\/api.w.org\/{rel}","templated":true}]}}