{"id":47846,"date":"2024-09-17T18:32:15","date_gmt":"2024-09-17T18:32:15","guid":{"rendered":"https:\/\/br.logisticsplus.com\/gerenciamento-de-caminhoes\/"},"modified":"2024-12-19T15:21:35","modified_gmt":"2024-12-19T15:21:35","slug":"gerenciamento-de-caminhoes","status":"publish","type":"page","link":"https:\/\/br.logisticsplus.com\/pt-br\/gerenciamento-de-caminhoes\/","title":{"rendered":"Gerenciamento de caminh\u00f5es"},"content":{"rendered":"<p>[et_pb_section fb_built=&#8221;1&#8243; fullwidth=&#8221;on&#8221; _builder_version=&#8221;4.23&#8243; _module_preset=&#8221;default&#8221; global_colors_info=&#8221;{}&#8221;][et_pb_fullwidth_header title=&#8221;Gerenciamento de caminh\u00f5es&#8221; subhead=&#8221;A Logistics Plus Brazil oferece servi\u00e7os de transporte rodovi\u00e1rio confi\u00e1veis e eficientes, personalizados para atender \u00e0s suas necessidades.&#8221; _builder_version=&#8221;4.25.1&#8243; _module_preset=&#8221;default&#8221; title_font=&#8221;|700|||||||&#8221; title_font_size=&#8221;72px&#8221; title_line_height=&#8221;1.25em&#8221; content_font_size=&#8221;24px&#8221; content_line_height=&#8221;1.2em&#8221; subhead_font_size=&#8221;24px&#8221; subhead_line_height=&#8221;1.2em&#8221; background_color=&#8221;#296bb7&#8243; background_image=&#8221;https:\/\/br.logisticsplus.com\/wp-content\/uploads\/sites\/12\/2024\/12\/brazil-ground.jpg&#8221; custom_padding=&#8221;120px||120px||false|false&#8221; border_radii_image=&#8221;off||||&#8221; global_colors_info=&#8221;{}&#8221;][\/et_pb_fullwidth_header][\/et_pb_section][et_pb_section fb_built=&#8221;1&#8243; _builder_version=&#8221;4.23&#8243; _module_preset=&#8221;default&#8221; background_color=&#8221;#f7f6f6&#8243; custom_padding=&#8221;60px||||false|false&#8221; global_colors_info=&#8221;{}&#8221;][et_pb_row column_structure=&#8221;1_2,1_2&#8243; _builder_version=&#8221;4.23&#8243; _module_preset=&#8221;default&#8221; animation_style=&#8221;slide&#8221; animation_intensity_slide=&#8221;24%&#8221; global_colors_info=&#8221;{}&#8221;][et_pb_column type=&#8221;1_2&#8243; _builder_version=&#8221;4.23&#8243; _module_preset=&#8221;default&#8221; custom_padding=&#8221;||||true|false&#8221; global_colors_info=&#8221;%91%93&#8243;][et_pb_text _builder_version=&#8221;4.27.4&#8243; _module_preset=&#8221;default&#8221; header_2_font=&#8221;|600|||||||&#8221; header_2_font_size=&#8221;36px&#8221; header_2_line_height=&#8221;1.2em&#8221; hover_enabled=&#8221;0&#8243; global_colors_info=&#8221;{}&#8221; sticky_enabled=&#8221;0&#8243;]<\/p>\n<h2>Solu\u00e7\u00f5es personalizadas de gerenciamento de caminh\u00f5es.<\/h2>\n<p><span>Para garantir a entrega tranquila e pontual de seus produtos, a Logistics Plus Brasil oferece solu\u00e7\u00f5es completas de gerenciamento de caminh\u00f5es para atender \u00e0s necessidades de sua cadeia de suprimentos. N\u00e3o importa se voc\u00ea tem um palete ou um caminh\u00e3o inteiro, nossos especialistas em gerenciamento de frete encontrar\u00e3o uma solu\u00e7\u00e3o que atenda exatamente \u00e0s suas necessidades.<\/span><\/p>\n<p>Depois de apenas uma ou duas remessas, voc\u00ea ver\u00e1 rapidamente como colocamos o &#8220;plus&#8221; na log\u00edstica, fazendo tudo o que voc\u00ea precisa para economizar tempo e dinheiro em suas remessas de frete.<\/p>\n<p>[\/et_pb_text][\/et_pb_column][et_pb_column type=&#8221;1_2&#8243; _builder_version=&#8221;4.23&#8243; _module_preset=&#8221;default&#8221; custom_padding=&#8221;||||true|false&#8221; global_colors_info=&#8221;%91%93&#8243;][et_pb_image src=&#8221;https:\/\/pl.beta.logisticsplus.com\/wp-content\/uploads\/sites\/12\/2024\/09\/truckload-and-specialized2.jpg&#8221; title_text=&#8221;caminh\u00e3o-carga-e-especializado2&#8243; _builder_version=&#8221;4.25.1&#8243; _module_preset=&#8221;default&#8221; border_radii=&#8221;on|6px|6px|6px|6px&#8221; box_shadow_style=&#8221;preset1&#8243; box_shadow_vertical=&#8221;0px&#8221; box_shadow_spread=&#8221;-6px&#8221; global_colors_info=&#8221;{}&#8221;][\/et_pb_image][\/et_pb_column][\/et_pb_row][\/et_pb_section][et_pb_section fb_built=&#8221;1&#8243; _builder_version=&#8221;4.23&#8243; _module_preset=&#8221;default&#8221; background_color=&#8221;#ffffff&#8221; custom_padding=&#8221;0px||0px||false|false&#8221; global_colors_info=&#8221;{}&#8221;][et_pb_row column_structure=&#8221;1_2,1_2&#8243; _builder_version=&#8221;4.23&#8243; _module_preset=&#8221;default&#8221; animation_style=&#8221;slide&#8221; animation_intensity_slide=&#8221;24%&#8221; global_colors_info=&#8221;{}&#8221;][et_pb_column type=&#8221;1_2&#8243; _builder_version=&#8221;4.23&#8243; _module_preset=&#8221;default&#8221; custom_padding=&#8221;||||true|false&#8221; global_colors_info=&#8221;%91%93&#8243;][et_pb_text module_class=&#8221;custom_checkmark_bullets&#8221; _builder_version=&#8221;4.25.1&#8243; _module_preset=&#8221;default&#8221; header_3_font=&#8221;|600|||||||&#8221; header_3_text_color=&#8221;#296bb7&#8243; header_3_font_size=&#8221;24px&#8221; header_3_line_height=&#8221;1.2em&#8221; custom_padding=&#8221;||||false|false&#8221; global_colors_info=&#8221;{}&#8221;]<\/p>\n<h3>Nossos servi\u00e7os de transporte rodovi\u00e1rio incluem:<\/h3>\n<ul>\n<li>Coleta e entrega local<\/li>\n<li>Transfronteiri\u00e7o<\/li>\n<li>Transporte de cont\u00eaineres<\/li>\n<li>Carga completa de caminh\u00e3o (FTL)<\/li>\n<li>Carga de menos de um caminh\u00e3o (LTL)<\/li>\n<li>Transporte rodovi\u00e1rio consolidado<\/li>\n<li>Transporte ferrovi\u00e1rio<\/li>\n<\/ul>\n<p>[\/et_pb_text][\/et_pb_column][et_pb_column type=&#8221;1_2&#8243; _builder_version=&#8221;4.23&#8243; _module_preset=&#8221;default&#8221; custom_padding=&#8221;||||true|false&#8221; global_colors_info=&#8221;%91%93&#8243;][et_pb_text _builder_version=&#8221;4.23&#8243; _module_preset=&#8221;default&#8221; header_2_font=&#8221;|600|||||||&#8221; header_2_font_size=&#8221;30px&#8221; header_2_line_height=&#8221;1.2em&#8221; global_colors_info=&#8221;{}&#8221;]<\/p>\n<h2>Voc\u00ea est\u00e1 pronto para come\u00e7ar?<\/h2>\n<p><span>Voc\u00ea est\u00e1 pronto para come\u00e7ar? O Logistics Plus economizar\u00e1 tempo e dinheiro para voc\u00ea em suas necessidades de transporte por caminh\u00e3o. Para perguntas, or\u00e7amentos ou mais informa\u00e7\u00f5es, entre em contato conosco hoje mesmo clicando no bot\u00e3o abaixo.<\/span><\/p>\n<p>[\/et_pb_text][et_pb_button button_url=&#8221;\/contact-lp-japan\/&#8221; button_text=&#8221;Solicitar or\u00e7amento&#8221; _builder_version=&#8221;4.25.1&#8243; _module_preset=&#8221;default&#8221; custom_button=&#8221;on&#8221; button_text_size=&#8221;24px&#8221; button_text_color=&#8221;#ffffff&#8221; button_bg_color=&#8221;#296bb7&#8243; button_border_width=&#8221;0px&#8221; button_border_radius=&#8221;48px&#8221; button_icon=&#8221;&#xf0e0;||fa||900&#8243; button_icon_placement=&#8221;left&#8221; custom_padding=&#8221;12px|48px|12px|66px|false|false&#8221; box_shadow_style=&#8221;preset1&#8243; box_shadow_vertical=&#8221;0px&#8221; box_shadow_spread=&#8221;-6px&#8221; global_colors_info=&#8221;{}&#8221;][\/et_pb_button][\/et_pb_column][\/et_pb_row][\/et_pb_section]<\/p>\n","protected":false},"excerpt":{"rendered":"<p>Solu\u00e7\u00f5es personalizadas de gerenciamento de caminh\u00f5es. Para garantir a entrega tranquila e pontual de seus produtos, a Logistics Plus Brasil oferece solu\u00e7\u00f5es completas de gerenciamento de caminh\u00f5es para atender \u00e0s necessidades de sua cadeia de suprimentos. N\u00e3o importa se voc\u00ea tem um palete ou um caminh\u00e3o inteiro, nossos especialistas em gerenciamento de frete encontrar\u00e3o uma [&hellip;]<\/p>\n","protected":false},"author":19,"featured_media":0,"parent":47861,"menu_order":0,"comment_status":"closed","ping_status":"closed","template":"","meta":{"_et_pb_use_builder":"on","_et_pb_old_content":"","_et_gb_content_width":"","footnotes":""},"class_list":["post-47846","page","type-page","status-publish","hentry"],"yoast_head":"<!-- This site is optimized with the Yoast SEO plugin v27.3 - https:\/\/yoast.com\/product\/yoast-seo-wordpress\/ -->\n<title>Gerenciamento de caminh\u00f5es - LP Brasil<\/title>\n<meta name=\"description\" content=\"A Logistics Plus Brazil oferece solu\u00e7\u00f5es de gerenciamento de caminh\u00f5es, incluindo coleta e entrega local, carga completa, carga parcial e muito mais.\" \/>\n<meta name=\"robots\" content=\"index, follow, max-snippet:-1, max-image-preview:large, max-video-preview:-1\" \/>\n<link rel=\"canonical\" href=\"https:\/\/br.logisticsplus.com\/pt-br\/gerenciamento-de-caminhoes\/\" \/>\n<meta property=\"og:locale\" content=\"pt_BR\" \/>\n<meta property=\"og:type\" content=\"article\" \/>\n<meta property=\"og:title\" content=\"Gerenciamento de caminh\u00f5es - LP Brasil\" \/>\n<meta property=\"og:description\" content=\"A Logistics Plus Brazil oferece solu\u00e7\u00f5es de gerenciamento de caminh\u00f5es, incluindo coleta e entrega local, carga completa, carga parcial e muito mais.\" \/>\n<meta property=\"og:url\" content=\"https:\/\/br.logisticsplus.com\/pt-br\/gerenciamento-de-caminhoes\/\" \/>\n<meta property=\"og:site_name\" content=\"Brazil\" \/>\n<meta property=\"article:modified_time\" content=\"2024-12-19T15:21:35+00:00\" \/>\n<meta name=\"twitter:card\" content=\"summary_large_image\" \/>\n<meta name=\"twitter:label1\" content=\"Est. reading time\" \/>\n\t<meta name=\"twitter:data1\" content=\"3 minutes\" \/>\n<script type=\"application\/ld+json\" class=\"yoast-schema-graph\">{\"@context\":\"https:\\\/\\\/schema.org\",\"@graph\":[{\"@type\":\"WebPage\",\"@id\":\"https:\\\/\\\/br.logisticsplus.com\\\/pt-br\\\/gerenciamento-de-caminhoes\\\/\",\"url\":\"https:\\\/\\\/br.logisticsplus.com\\\/pt-br\\\/gerenciamento-de-caminhoes\\\/\",\"name\":\"Gerenciamento de caminh\u00f5es - LP Brasil\",\"isPartOf\":{\"@id\":\"https:\\\/\\\/br.logisticsplus.com\\\/pt-br\\\/#website\"},\"datePublished\":\"2024-09-17T18:32:15+00:00\",\"dateModified\":\"2024-12-19T15:21:35+00:00\",\"description\":\"A Logistics Plus Brazil oferece solu\u00e7\u00f5es de gerenciamento de caminh\u00f5es, incluindo coleta e entrega local, carga completa, carga parcial e muito mais.\",\"breadcrumb\":{\"@id\":\"https:\\\/\\\/br.logisticsplus.com\\\/pt-br\\\/gerenciamento-de-caminhoes\\\/#breadcrumb\"},\"inLanguage\":\"pt-BR\",\"potentialAction\":[{\"@type\":\"ReadAction\",\"target\":[\"https:\\\/\\\/br.logisticsplus.com\\\/pt-br\\\/gerenciamento-de-caminhoes\\\/\"]}]},{\"@type\":\"BreadcrumbList\",\"@id\":\"https:\\\/\\\/br.logisticsplus.com\\\/pt-br\\\/gerenciamento-de-caminhoes\\\/#breadcrumb\",\"itemListElement\":[{\"@type\":\"ListItem\",\"position\":1,\"name\":\"Home\",\"item\":\"https:\\\/\\\/br.logisticsplus.com\\\/pt-br\\\/\"},{\"@type\":\"ListItem\",\"position\":2,\"name\":\"Servi\u00e7os\",\"item\":\"https:\\\/\\\/br.logisticsplus.com\\\/pt-br\\\/?page_id=37299\"},{\"@type\":\"ListItem\",\"position\":3,\"name\":\"Gerenciamento de caminh\u00f5es\"}]},{\"@type\":\"WebSite\",\"@id\":\"https:\\\/\\\/br.logisticsplus.com\\\/pt-br\\\/#website\",\"url\":\"https:\\\/\\\/br.logisticsplus.com\\\/pt-br\\\/\",\"name\":\"Brazil\",\"description\":\"Logistics Plus Transportation, Warehousing, Supply Chain\",\"potentialAction\":[{\"@type\":\"SearchAction\",\"target\":{\"@type\":\"EntryPoint\",\"urlTemplate\":\"https:\\\/\\\/br.logisticsplus.com\\\/pt-br\\\/?s={search_term_string}\"},\"query-input\":{\"@type\":\"PropertyValueSpecification\",\"valueRequired\":true,\"valueName\":\"search_term_string\"}}],\"inLanguage\":\"pt-BR\"}]}<\/script>\n<!-- \/ Yoast SEO plugin. -->","yoast_head_json":{"title":"Gerenciamento de caminh\u00f5es - LP Brasil","description":"A Logistics Plus Brazil oferece solu\u00e7\u00f5es de gerenciamento de caminh\u00f5es, incluindo coleta e entrega local, carga completa, carga parcial e muito mais.","robots":{"index":"index","follow":"follow","max-snippet":"max-snippet:-1","max-image-preview":"max-image-preview:large","max-video-preview":"max-video-preview:-1"},"canonical":"https:\/\/br.logisticsplus.com\/pt-br\/gerenciamento-de-caminhoes\/","og_locale":"pt_BR","og_type":"article","og_title":"Gerenciamento de caminh\u00f5es - LP Brasil","og_description":"A Logistics Plus Brazil oferece solu\u00e7\u00f5es de gerenciamento de caminh\u00f5es, incluindo coleta e entrega local, carga completa, carga parcial e muito mais.","og_url":"https:\/\/br.logisticsplus.com\/pt-br\/gerenciamento-de-caminhoes\/","og_site_name":"Brazil","article_modified_time":"2024-12-19T15:21:35+00:00","twitter_card":"summary_large_image","twitter_misc":{"Est. reading time":"3 minutes"},"schema":{"@context":"https:\/\/schema.org","@graph":[{"@type":"WebPage","@id":"https:\/\/br.logisticsplus.com\/pt-br\/gerenciamento-de-caminhoes\/","url":"https:\/\/br.logisticsplus.com\/pt-br\/gerenciamento-de-caminhoes\/","name":"Gerenciamento de caminh\u00f5es - LP Brasil","isPartOf":{"@id":"https:\/\/br.logisticsplus.com\/pt-br\/#website"},"datePublished":"2024-09-17T18:32:15+00:00","dateModified":"2024-12-19T15:21:35+00:00","description":"A Logistics Plus Brazil oferece solu\u00e7\u00f5es de gerenciamento de caminh\u00f5es, incluindo coleta e entrega local, carga completa, carga parcial e muito mais.","breadcrumb":{"@id":"https:\/\/br.logisticsplus.com\/pt-br\/gerenciamento-de-caminhoes\/#breadcrumb"},"inLanguage":"pt-BR","potentialAction":[{"@type":"ReadAction","target":["https:\/\/br.logisticsplus.com\/pt-br\/gerenciamento-de-caminhoes\/"]}]},{"@type":"BreadcrumbList","@id":"https:\/\/br.logisticsplus.com\/pt-br\/gerenciamento-de-caminhoes\/#breadcrumb","itemListElement":[{"@type":"ListItem","position":1,"name":"Home","item":"https:\/\/br.logisticsplus.com\/pt-br\/"},{"@type":"ListItem","position":2,"name":"Servi\u00e7os","item":"https:\/\/br.logisticsplus.com\/pt-br\/?page_id=37299"},{"@type":"ListItem","position":3,"name":"Gerenciamento de caminh\u00f5es"}]},{"@type":"WebSite","@id":"https:\/\/br.logisticsplus.com\/pt-br\/#website","url":"https:\/\/br.logisticsplus.com\/pt-br\/","name":"Brazil","description":"Logistics Plus Transportation, Warehousing, Supply Chain","potentialAction":[{"@type":"SearchAction","target":{"@type":"EntryPoint","urlTemplate":"https:\/\/br.logisticsplus.com\/pt-br\/?s={search_term_string}"},"query-input":{"@type":"PropertyValueSpecification","valueRequired":true,"valueName":"search_term_string"}}],"inLanguage":"pt-BR"}]}},"_links":{"self":[{"href":"https:\/\/br.logisticsplus.com\/pt-br\/wp-json\/wp\/v2\/pages\/47846","targetHints":{"allow":["GET"]}}],"collection":[{"href":"https:\/\/br.logisticsplus.com\/pt-br\/wp-json\/wp\/v2\/pages"}],"about":[{"href":"https:\/\/br.logisticsplus.com\/pt-br\/wp-json\/wp\/v2\/types\/page"}],"author":[{"embeddable":true,"href":"https:\/\/br.logisticsplus.com\/pt-br\/wp-json\/wp\/v2\/users\/19"}],"replies":[{"embeddable":true,"href":"https:\/\/br.logisticsplus.com\/pt-br\/wp-json\/wp\/v2\/comments?post=47846"}],"version-history":[{"count":2,"href":"https:\/\/br.logisticsplus.com\/pt-br\/wp-json\/wp\/v2\/pages\/47846\/revisions"}],"predecessor-version":[{"id":47848,"href":"https:\/\/br.logisticsplus.com\/pt-br\/wp-json\/wp\/v2\/pages\/47846\/revisions\/47848"}],"up":[{"embeddable":true,"href":"https:\/\/br.logisticsplus.com\/pt-br\/wp-json\/wp\/v2\/pages\/47861"}],"wp:attachment":[{"href":"https:\/\/br.logisticsplus.com\/pt-br\/wp-json\/wp\/v2\/media?parent=47846"}],"curies":[{"name":"wp","href":"https:\/\/api.w.org\/{rel}","templated":true}]}}