{"id":47855,"date":"2024-09-17T18:39:09","date_gmt":"2024-09-17T18:39:09","guid":{"rendered":"https:\/\/br.logisticsplus.com\/mais-solucoes\/"},"modified":"2024-12-19T15:21:35","modified_gmt":"2024-12-19T15:21:35","slug":"mais-solucoes","status":"publish","type":"page","link":"https:\/\/br.logisticsplus.com\/pt-br\/mais-solucoes\/","title":{"rendered":"Mais solu\u00e7\u00f5es"},"content":{"rendered":"<p>[et_pb_section fb_built=&#8221;1&#8243; fullwidth=&#8221;on&#8221; _builder_version=&#8221;4.23&#8243; _module_preset=&#8221;default&#8221; global_colors_info=&#8221;{}&#8221;][et_pb_fullwidth_header title=&#8221;Mais solu\u00e7\u00f5es&#8221; subhead=&#8221;A Logistics Plus Brasil oferece servi\u00e7os completos de log\u00edstica e solu\u00e7\u00f5es de cadeia de suprimentos para quase todos os setores.&#8221; _builder_version=&#8221;4.25.1&#8243; _module_preset=&#8221;default&#8221; title_font=&#8221;|700|||||||&#8221; title_font_size=&#8221;72px&#8221; title_line_height=&#8221;1.25em&#8221; content_font_size=&#8221;24px&#8221; content_line_height=&#8221;1.2em&#8221; subhead_font_size=&#8221;24px&#8221; subhead_line_height=&#8221;1.2em&#8221; background_color=&#8221;#296bb7&#8243; background_image=&#8221;https:\/\/br.logisticsplus.com\/wp-content\/uploads\/sites\/12\/2024\/12\/brazil-more.jpg&#8221; custom_padding=&#8221;120px||120px||false|false&#8221; border_radii_image=&#8221;off||||&#8221; global_colors_info=&#8221;{}&#8221;][\/et_pb_fullwidth_header][\/et_pb_section][et_pb_section fb_built=&#8221;1&#8243; _builder_version=&#8221;4.23&#8243; _module_preset=&#8221;default&#8221; background_color=&#8221;#f7f6f6&#8243; custom_padding=&#8221;60px||43px||false|false&#8221; global_colors_info=&#8221;{}&#8221;][et_pb_row column_structure=&#8221;3_4,1_4&#8243; _builder_version=&#8221;4.23&#8243; _module_preset=&#8221;default&#8221; animation_style=&#8221;slide&#8221; animation_intensity_slide=&#8221;24%&#8221; global_colors_info=&#8221;{}&#8221;][et_pb_column type=&#8221;3_4&#8243; _builder_version=&#8221;4.23&#8243; _module_preset=&#8221;default&#8221; custom_padding=&#8221;||||true|false&#8221; global_colors_info=&#8221;%91%93&#8243;][et_pb_text _builder_version=&#8221;4.23&#8243; _module_preset=&#8221;default&#8221; header_2_font=&#8221;|600|||||||&#8221; header_2_font_size=&#8221;36px&#8221; header_2_line_height=&#8221;1.2em&#8221; global_colors_info=&#8221;{}&#8221;]<\/p>\n<h2>Solu\u00e7\u00f5es de cadeia de suprimentos 4PL<\/h2>\n<p>A Logistics Plus Brasil ajuda os clientes a lidar com poss\u00edveis interrup\u00e7\u00f5es na cadeia de suprimentos, fornecendo servi\u00e7os de an\u00e1lise, supervis\u00e3o, organiza\u00e7\u00e3o, aquisi\u00e7\u00e3o, otimiza\u00e7\u00e3o e consultoria. Ajudamos os clientes a implementar pr\u00e1ticas ideais de cadeia de suprimentos que sejam flex\u00edveis e eficazes em resposta ao setor em constante mudan\u00e7a. <\/p>\n<p>&nbsp;<\/p>\n<p>[\/et_pb_text][\/et_pb_column][et_pb_column type=&#8221;1_4&#8243; _builder_version=&#8221;4.23&#8243; _module_preset=&#8221;default&#8221; custom_padding=&#8221;||||true|false&#8221; global_colors_info=&#8221;%91%93&#8243;][et_pb_image src=&#8221;https:\/\/br.logisticsplus.com\/wp-content\/uploads\/sites\/12\/2024\/12\/supply-chain-circle.png&#8221; alt=&#8221;Links da cadeia de suprimentos&#8221; title_text=&#8221;c\u00edrculo da cadeia de suprimentos&#8221; _builder_version=&#8221;4.27.4&#8243; _module_preset=&#8221;default&#8221; hover_enabled=&#8221;0&#8243; border_radii=&#8221;on|6px|6px|6px|6px&#8221; global_colors_info=&#8221;{}&#8221; sticky_enabled=&#8221;0&#8243;][\/et_pb_image][\/et_pb_column][\/et_pb_row][et_pb_row column_structure=&#8221;3_4,1_4&#8243; _builder_version=&#8221;4.23&#8243; _module_preset=&#8221;default&#8221; animation_style=&#8221;slide&#8221; animation_intensity_slide=&#8221;24%&#8221; global_colors_info=&#8221;{}&#8221;][et_pb_column type=&#8221;3_4&#8243; _builder_version=&#8221;4.23&#8243; _module_preset=&#8221;default&#8221; custom_padding=&#8221;||||true|false&#8221; global_colors_info=&#8221;%91%93&#8243;][et_pb_text _builder_version=&#8221;4.23&#8243; _module_preset=&#8221;default&#8221; header_2_font=&#8221;|600|||||||&#8221; header_2_font_size=&#8221;36px&#8221; header_2_line_height=&#8221;1.2em&#8221; custom_padding=&#8221;||0px|||&#8221; global_colors_info=&#8221;{}&#8221;]<\/p>\n<h2>Solu\u00e7\u00f5es de ponta a ponta<\/h2>\n<p>A Logistics Plus Brasil cuida de todo o ciclo log\u00edstico, desde a coleta no fornecedor at\u00e9 a entrega no destino. Daremos suporte a voc\u00ea na comunica\u00e7\u00e3o com o fornecedor para garantir que todos os documentos necess\u00e1rios estejam em ordem, gerenciaremos o transporte e cuidaremos de suas necessidades alfandeg\u00e1rias e de armazenagem. <\/p>\n<p>&nbsp;<\/p>\n<p>[\/et_pb_text][\/et_pb_column][et_pb_column type=&#8221;1_4&#8243; _builder_version=&#8221;4.23&#8243; _module_preset=&#8221;default&#8221; custom_padding=&#8221;||||true|false&#8221; global_colors_info=&#8221;%91%93&#8243;][et_pb_image src=&#8221;https:\/\/br.logisticsplus.com\/wp-content\/uploads\/sites\/12\/2024\/12\/supply-chain-port-circle.png&#8221; title_text=&#8221;cadeia de suprimentos c\u00edrculo portu\u00e1rio&#8221; _builder_version=&#8221;4.27.4&#8243; _module_preset=&#8221;default&#8221; hover_enabled=&#8221;0&#8243; border_radii=&#8221;on|6px|6px|6px|6px&#8221; global_colors_info=&#8221;{}&#8221; alt=&#8221;Ajuda em log\u00edstica e cadeia de suprimentos&#8221; sticky_enabled=&#8221;0&#8243;][\/et_pb_image][\/et_pb_column][\/et_pb_row][et_pb_row column_structure=&#8221;3_4,1_4&#8243; _builder_version=&#8221;4.23&#8243; _module_preset=&#8221;default&#8221; animation_style=&#8221;slide&#8221; animation_intensity_slide=&#8221;24%&#8221; global_colors_info=&#8221;{}&#8221;][et_pb_column type=&#8221;3_4&#8243; _builder_version=&#8221;4.23&#8243; _module_preset=&#8221;default&#8221; custom_padding=&#8221;||||true|false&#8221; global_colors_info=&#8221;%91%93&#8243;][et_pb_text _builder_version=&#8221;4.23&#8243; _module_preset=&#8221;default&#8221; header_2_font=&#8221;|600|||||||&#8221; header_2_font_size=&#8221;36px&#8221; header_2_line_height=&#8221;1.2em&#8221; custom_padding=&#8221;||0px|||&#8221; global_colors_info=&#8221;{}&#8221;]<\/p>\n<h2>Servi\u00e7os adicionais<\/h2>\n<p>A Logistics Plus Brasil oferece v\u00e1rios servi\u00e7os de log\u00edstica e cadeia de suprimentos prontos para uso, personalizados de acordo com as necessidades de nossos clientes. Nossa equipe identificar\u00e1 os pontos fracos de sua cadeia de suprimentos, corrigir\u00e1 esses pontos e otimizar\u00e1 seus processos para que sua empresa continue avan\u00e7ando. <\/p>\n<p>&nbsp;<\/p>\n<p>&nbsp;<\/p>\n<p>[\/et_pb_text][\/et_pb_column][et_pb_column type=&#8221;1_4&#8243; _builder_version=&#8221;4.23&#8243; _module_preset=&#8221;default&#8221; custom_padding=&#8221;||||true|false&#8221; global_colors_info=&#8221;%91%93&#8243;][et_pb_image src=&#8221;https:\/\/br.logisticsplus.com\/wp-content\/uploads\/sites\/12\/2024\/12\/project-management-circle.png&#8221; title_text=&#8221;c\u00edrculo de gerenciamento de projetos&#8221; _builder_version=&#8221;4.27.4&#8243; _module_preset=&#8221;default&#8221; hover_enabled=&#8221;0&#8243; border_radii=&#8221;on|6px|6px|6px|6px&#8221; global_colors_info=&#8221;{}&#8221; alt=&#8221;log\u00edstica global&#8221; sticky_enabled=&#8221;0&#8243;][\/et_pb_image][\/et_pb_column][\/et_pb_row][\/et_pb_section][et_pb_section fb_built=&#8221;1&#8243; _builder_version=&#8221;4.23&#8243; _module_preset=&#8221;default&#8221; custom_padding=&#8221;0px||||false|false&#8221; global_colors_info=&#8221;{}&#8221;][et_pb_row column_structure=&#8221;1_2,1_2&#8243; _builder_version=&#8221;4.23&#8243; _module_preset=&#8221;default&#8221; animation_style=&#8221;slide&#8221; animation_intensity_slide=&#8221;24%&#8221; global_colors_info=&#8221;{}&#8221;][et_pb_column type=&#8221;1_2&#8243; _builder_version=&#8221;4.23&#8243; _module_preset=&#8221;default&#8221; custom_padding=&#8221;||||true|false&#8221; global_colors_info=&#8221;%91%93&#8243;][et_pb_image src=&#8221;https:\/\/pl.beta.logisticsplus.com\/wp-content\/uploads\/sites\/12\/2024\/09\/free-freight-analysis2.jpg&#8221; title_text=&#8221;an\u00e1lise de frete gr\u00e1tis2&#8243; _builder_version=&#8221;4.25.1&#8243; _module_preset=&#8221;default&#8221; hover_enabled=&#8221;0&#8243; border_radii=&#8221;on|6px|6px|6px|6px&#8221; box_shadow_style=&#8221;preset1&#8243; box_shadow_vertical=&#8221;0px&#8221; box_shadow_spread=&#8221;-6px&#8221; global_colors_info=&#8221;{}&#8221; sticky_enabled=&#8221;0&#8243;][\/et_pb_image][\/et_pb_column][et_pb_column type=&#8221;1_2&#8243; _builder_version=&#8221;4.23&#8243; _module_preset=&#8221;default&#8221; custom_padding=&#8221;||||true|false&#8221; global_colors_info=&#8221;%91%93&#8243;][et_pb_text _builder_version=&#8221;4.25.1&#8243; _module_preset=&#8221;default&#8221; header_2_font=&#8221;|600|||||||&#8221; header_2_font_size=&#8221;30px&#8221; header_2_line_height=&#8221;1.2em&#8221; global_colors_info=&#8221;{}&#8221;]<\/p>\n<h2>Voc\u00ea est\u00e1 pronto para come\u00e7ar?<\/h2>\n<p>Para perguntas, or\u00e7amentos ou mais informa\u00e7\u00f5es, entre em contato conosco hoje mesmo clicando no bot\u00e3o abaixo.<\/p>\n<p>&nbsp;<\/p>\n<p>[\/et_pb_text][et_pb_button button_url=&#8221;\/contact-lp-japan\/&#8221; button_text=&#8221;Solicitar or\u00e7amento&#8221; _builder_version=&#8221;4.25.1&#8243; _module_preset=&#8221;default&#8221; custom_button=&#8221;on&#8221; button_text_size=&#8221;24px&#8221; button_text_color=&#8221;#ffffff&#8221; button_bg_color=&#8221;#296bb7&#8243; button_border_width=&#8221;0px&#8221; button_border_radius=&#8221;48px&#8221; button_icon=&#8221;&#xf0e0;||fa||900&#8243; button_icon_placement=&#8221;left&#8221; custom_padding=&#8221;12px|48px|12px|66px|false|false&#8221; box_shadow_style=&#8221;preset1&#8243; box_shadow_vertical=&#8221;0px&#8221; box_shadow_spread=&#8221;-6px&#8221; global_colors_info=&#8221;{}&#8221;][\/et_pb_button][\/et_pb_column][\/et_pb_row][\/et_pb_section]<\/p>\n","protected":false},"excerpt":{"rendered":"<p>Solu\u00e7\u00f5es de cadeia de suprimentos 4PL A Logistics Plus Brasil ajuda os clientes a lidar com poss\u00edveis interrup\u00e7\u00f5es na cadeia de suprimentos, fornecendo servi\u00e7os de an\u00e1lise, supervis\u00e3o, organiza\u00e7\u00e3o, aquisi\u00e7\u00e3o, otimiza\u00e7\u00e3o e consultoria. Ajudamos os clientes a implementar pr\u00e1ticas ideais de cadeia de suprimentos que sejam flex\u00edveis e eficazes em resposta ao setor em constante mudan\u00e7a. [&hellip;]<\/p>\n","protected":false},"author":19,"featured_media":0,"parent":47861,"menu_order":0,"comment_status":"closed","ping_status":"closed","template":"","meta":{"_et_pb_use_builder":"on","_et_pb_old_content":"","_et_gb_content_width":"","footnotes":""},"class_list":["post-47855","page","type-page","status-publish","hentry"],"yoast_head":"<!-- This site is optimized with the Yoast SEO plugin v27.3 - https:\/\/yoast.com\/product\/yoast-seo-wordpress\/ -->\n<title>Mais solu\u00e7\u00f5es - Brazil<\/title>\n<meta name=\"robots\" content=\"index, follow, max-snippet:-1, max-image-preview:large, max-video-preview:-1\" \/>\n<link rel=\"canonical\" href=\"https:\/\/br.logisticsplus.com\/pt-br\/mais-solucoes\/\" \/>\n<meta property=\"og:locale\" content=\"pt_BR\" \/>\n<meta property=\"og:type\" content=\"article\" \/>\n<meta property=\"og:title\" content=\"Mais solu\u00e7\u00f5es - Brazil\" \/>\n<meta property=\"og:description\" content=\"Solu\u00e7\u00f5es de cadeia de suprimentos 4PL A Logistics Plus Brasil ajuda os clientes a lidar com poss\u00edveis interrup\u00e7\u00f5es na cadeia de suprimentos, fornecendo servi\u00e7os de an\u00e1lise, supervis\u00e3o, organiza\u00e7\u00e3o, aquisi\u00e7\u00e3o, otimiza\u00e7\u00e3o e consultoria. Ajudamos os clientes a implementar pr\u00e1ticas ideais de cadeia de suprimentos que sejam flex\u00edveis e eficazes em resposta ao setor em constante mudan\u00e7a. [&hellip;]\" \/>\n<meta property=\"og:url\" content=\"https:\/\/br.logisticsplus.com\/pt-br\/mais-solucoes\/\" \/>\n<meta property=\"og:site_name\" content=\"Brazil\" \/>\n<meta property=\"article:modified_time\" content=\"2024-12-19T15:21:35+00:00\" \/>\n<meta name=\"twitter:card\" content=\"summary_large_image\" \/>\n<meta name=\"twitter:label1\" content=\"Est. reading time\" \/>\n\t<meta name=\"twitter:data1\" content=\"5 minutes\" \/>\n<script type=\"application\/ld+json\" class=\"yoast-schema-graph\">{\"@context\":\"https:\\\/\\\/schema.org\",\"@graph\":[{\"@type\":\"WebPage\",\"@id\":\"https:\\\/\\\/br.logisticsplus.com\\\/pt-br\\\/mais-solucoes\\\/\",\"url\":\"https:\\\/\\\/br.logisticsplus.com\\\/pt-br\\\/mais-solucoes\\\/\",\"name\":\"Mais solu\u00e7\u00f5es - Brazil\",\"isPartOf\":{\"@id\":\"https:\\\/\\\/br.logisticsplus.com\\\/pt-br\\\/#website\"},\"datePublished\":\"2024-09-17T18:39:09+00:00\",\"dateModified\":\"2024-12-19T15:21:35+00:00\",\"breadcrumb\":{\"@id\":\"https:\\\/\\\/br.logisticsplus.com\\\/pt-br\\\/mais-solucoes\\\/#breadcrumb\"},\"inLanguage\":\"pt-BR\",\"potentialAction\":[{\"@type\":\"ReadAction\",\"target\":[\"https:\\\/\\\/br.logisticsplus.com\\\/pt-br\\\/mais-solucoes\\\/\"]}]},{\"@type\":\"BreadcrumbList\",\"@id\":\"https:\\\/\\\/br.logisticsplus.com\\\/pt-br\\\/mais-solucoes\\\/#breadcrumb\",\"itemListElement\":[{\"@type\":\"ListItem\",\"position\":1,\"name\":\"Home\",\"item\":\"https:\\\/\\\/br.logisticsplus.com\\\/pt-br\\\/\"},{\"@type\":\"ListItem\",\"position\":2,\"name\":\"Servi\u00e7os\",\"item\":\"https:\\\/\\\/br.logisticsplus.com\\\/pt-br\\\/?page_id=37299\"},{\"@type\":\"ListItem\",\"position\":3,\"name\":\"Mais solu\u00e7\u00f5es\"}]},{\"@type\":\"WebSite\",\"@id\":\"https:\\\/\\\/br.logisticsplus.com\\\/pt-br\\\/#website\",\"url\":\"https:\\\/\\\/br.logisticsplus.com\\\/pt-br\\\/\",\"name\":\"Brazil\",\"description\":\"Logistics Plus Transportation, Warehousing, Supply Chain\",\"potentialAction\":[{\"@type\":\"SearchAction\",\"target\":{\"@type\":\"EntryPoint\",\"urlTemplate\":\"https:\\\/\\\/br.logisticsplus.com\\\/pt-br\\\/?s={search_term_string}\"},\"query-input\":{\"@type\":\"PropertyValueSpecification\",\"valueRequired\":true,\"valueName\":\"search_term_string\"}}],\"inLanguage\":\"pt-BR\"}]}<\/script>\n<!-- \/ Yoast SEO plugin. -->","yoast_head_json":{"title":"Mais solu\u00e7\u00f5es - Brazil","robots":{"index":"index","follow":"follow","max-snippet":"max-snippet:-1","max-image-preview":"max-image-preview:large","max-video-preview":"max-video-preview:-1"},"canonical":"https:\/\/br.logisticsplus.com\/pt-br\/mais-solucoes\/","og_locale":"pt_BR","og_type":"article","og_title":"Mais solu\u00e7\u00f5es - Brazil","og_description":"Solu\u00e7\u00f5es de cadeia de suprimentos 4PL A Logistics Plus Brasil ajuda os clientes a lidar com poss\u00edveis interrup\u00e7\u00f5es na cadeia de suprimentos, fornecendo servi\u00e7os de an\u00e1lise, supervis\u00e3o, organiza\u00e7\u00e3o, aquisi\u00e7\u00e3o, otimiza\u00e7\u00e3o e consultoria. Ajudamos os clientes a implementar pr\u00e1ticas ideais de cadeia de suprimentos que sejam flex\u00edveis e eficazes em resposta ao setor em constante mudan\u00e7a. [&hellip;]","og_url":"https:\/\/br.logisticsplus.com\/pt-br\/mais-solucoes\/","og_site_name":"Brazil","article_modified_time":"2024-12-19T15:21:35+00:00","twitter_card":"summary_large_image","twitter_misc":{"Est. reading time":"5 minutes"},"schema":{"@context":"https:\/\/schema.org","@graph":[{"@type":"WebPage","@id":"https:\/\/br.logisticsplus.com\/pt-br\/mais-solucoes\/","url":"https:\/\/br.logisticsplus.com\/pt-br\/mais-solucoes\/","name":"Mais solu\u00e7\u00f5es - Brazil","isPartOf":{"@id":"https:\/\/br.logisticsplus.com\/pt-br\/#website"},"datePublished":"2024-09-17T18:39:09+00:00","dateModified":"2024-12-19T15:21:35+00:00","breadcrumb":{"@id":"https:\/\/br.logisticsplus.com\/pt-br\/mais-solucoes\/#breadcrumb"},"inLanguage":"pt-BR","potentialAction":[{"@type":"ReadAction","target":["https:\/\/br.logisticsplus.com\/pt-br\/mais-solucoes\/"]}]},{"@type":"BreadcrumbList","@id":"https:\/\/br.logisticsplus.com\/pt-br\/mais-solucoes\/#breadcrumb","itemListElement":[{"@type":"ListItem","position":1,"name":"Home","item":"https:\/\/br.logisticsplus.com\/pt-br\/"},{"@type":"ListItem","position":2,"name":"Servi\u00e7os","item":"https:\/\/br.logisticsplus.com\/pt-br\/?page_id=37299"},{"@type":"ListItem","position":3,"name":"Mais solu\u00e7\u00f5es"}]},{"@type":"WebSite","@id":"https:\/\/br.logisticsplus.com\/pt-br\/#website","url":"https:\/\/br.logisticsplus.com\/pt-br\/","name":"Brazil","description":"Logistics Plus Transportation, Warehousing, Supply Chain","potentialAction":[{"@type":"SearchAction","target":{"@type":"EntryPoint","urlTemplate":"https:\/\/br.logisticsplus.com\/pt-br\/?s={search_term_string}"},"query-input":{"@type":"PropertyValueSpecification","valueRequired":true,"valueName":"search_term_string"}}],"inLanguage":"pt-BR"}]}},"_links":{"self":[{"href":"https:\/\/br.logisticsplus.com\/pt-br\/wp-json\/wp\/v2\/pages\/47855","targetHints":{"allow":["GET"]}}],"collection":[{"href":"https:\/\/br.logisticsplus.com\/pt-br\/wp-json\/wp\/v2\/pages"}],"about":[{"href":"https:\/\/br.logisticsplus.com\/pt-br\/wp-json\/wp\/v2\/types\/page"}],"author":[{"embeddable":true,"href":"https:\/\/br.logisticsplus.com\/pt-br\/wp-json\/wp\/v2\/users\/19"}],"replies":[{"embeddable":true,"href":"https:\/\/br.logisticsplus.com\/pt-br\/wp-json\/wp\/v2\/comments?post=47855"}],"version-history":[{"count":2,"href":"https:\/\/br.logisticsplus.com\/pt-br\/wp-json\/wp\/v2\/pages\/47855\/revisions"}],"predecessor-version":[{"id":47857,"href":"https:\/\/br.logisticsplus.com\/pt-br\/wp-json\/wp\/v2\/pages\/47855\/revisions\/47857"}],"up":[{"embeddable":true,"href":"https:\/\/br.logisticsplus.com\/pt-br\/wp-json\/wp\/v2\/pages\/47861"}],"wp:attachment":[{"href":"https:\/\/br.logisticsplus.com\/pt-br\/wp-json\/wp\/v2\/media?parent=47855"}],"curies":[{"name":"wp","href":"https:\/\/api.w.org\/{rel}","templated":true}]}}