{"id":47858,"date":"2024-09-17T13:40:35","date_gmt":"2024-09-17T13:40:35","guid":{"rendered":"https:\/\/br.logisticsplus.com\/inicio\/"},"modified":"2024-12-19T16:17:56","modified_gmt":"2024-12-19T16:17:56","slug":"inicio","status":"publish","type":"page","link":"https:\/\/br.logisticsplus.com\/pt-br\/","title":{"rendered":"In\u00edcio"},"content":{"rendered":"<p>[et_pb_section fb_built=&#8221;1&#8243; _builder_version=&#8221;4.27.4&#8243; _module_preset=&#8221;default&#8221; custom_padding=&#8221;||0px||false|false&#8221; global_colors_info=&#8221;{}&#8221;][et_pb_row _builder_version=&#8221;4.27.4&#8243; _module_preset=&#8221;default&#8221; custom_padding=&#8221;||0px||false|false&#8221; global_colors_info=&#8221;{}&#8221;][et_pb_column type=&#8221;4_4&#8243; _builder_version=&#8221;4.25.1&#8243; _module_preset=&#8221;default&#8221; global_colors_info=&#8221;{}&#8221;][et_pb_text _builder_version=&#8221;4.25.1&#8243; _module_preset=&#8221;default&#8221; global_colors_info=&#8221;{}&#8221;]<\/p>\n\n\t\t\t\t<p class=\"rs-p-wp-fix\"><\/p>\n\t\t\t\t<sr7-module data-alias=\"logistics-plus-homepage-1\" data-id=\"1\" id=\"SR7_1_1\" class=\"rs-ov-hidden\" data-version=\"6.7.41\">\n\t\t\t\t\t<sr7-adjuster><\/sr7-adjuster>\n\t\t\t\t\t<sr7-content>\n\t\t\t\t\t\t<sr7-carousel>\n\t\t\t\t\t\t<sr7-slide id=\"SR7_1_1-6\" data-key=\"6\">\n\t\t\t\t\t\t\t<h2 id=\"SR7_1_1-6-0\" class=\"sr7-layer\">Navegue pelas mudan\u00e7as globais e suba a novas alturas!<\/h2>\n\t\t\t\t\t\t\t<h3 id=\"SR7_1_1-6-7\" class=\"sr7-layer\">Logistics Plus Brazil<\/h3>\n\t\t\t\t\t\t<\/sr7-slide>\n\t\t\t\t\t\t<sr7-slide id=\"SR7_1_1-7\" data-key=\"7\">\n\t\t\t\t\t\t\t<sr7-bg id=\"SR7_1_1-7-25\" class=\"sr7-layer\"><noscript><img decoding=\"async\" src=\"https:\/\/br.logisticsplus.com\/wp-content\/uploads\/sites\/12\/2025\/01\/brazil-contact-slider-copy.webp\" alt=\"\" title=\"brazil-contact-slider copy\"><\/noscript><\/sr7-bg>\n\t\t\t\t\t\t\t<h2 id=\"SR7_1_1-7-0\" class=\"sr7-layer\">Entre em contato com nosso <br \/>\nEspecialistas em log\u00edstica hoje!<\/h2>\n\t\t\t\t\t\t\t<a id=\"SR7_1_1-7-2\" class=\"sr7-layer\" href=\"\/contact-lp-brazil\/\" target=\"_self\">Contact Us<\/a>\n\t\t\t\t\t\t\t<h3 id=\"SR7_1_1-7-7\" class=\"sr7-layer\">Pronto para se conectar?<\/h3>\n\t\t\t\t\t\t<\/sr7-slide>\n\t\t\t\t\t\t<sr7-slide id=\"SR7_1_1-2\" data-key=\"2\">\n\t\t\t\t\t\t\t<sr7-txt id=\"SR7_1_1-2-11\" class=\"sr7-layer\"><i class=\"material-icons\">arrow_forward<\/i><\/sr7-txt>\n\t\t\t\t\t\t\t<sr7-txt id=\"SR7_1_1-2-21\" class=\"sr7-layer\"><i class=\"material-icons\">arrow_back<\/i><\/sr7-txt>\n\t\t\t\t\t\t<\/sr7-slide>\n\t\t\t\t\t\t<\/sr7-carousel>\n\t\t\t\t\t<\/sr7-content>\n\t\t\t\t\t<image_lists style=\"display:none\">\n\t\t\t\t\t\t<img data-src=\"\/\/br.logisticsplus.com\/wp-content\/uploads\/sites\/12\/2025\/01\/brazil-contact-slider-copy.webp\" data-libid=\"47919\" data-lib=\"medialibrary\" title=\"brazil-contact-slider copy\" width=\"0\" height=\"0\" data-dbsrc=\"Ly9ici5sb2dpc3RpY3NwbHVzLmNvbS93cC1jb250ZW50L3VwbG9hZHMvc2l0ZXMvMTIvMjAyNS8wMS9icmF6aWwtY29udGFjdC1zbGlkZXItY29weS53ZWJw\"\/>\n\t\t\t\t\t<\/image_lists>\n\t\t\t\t<\/sr7-module>\n\t\t\t\t<script>\n\t\t\t\t\tSR7.PMH ??={}; SR7.PMH[\"SR7_1_1\"] = {cn:100,state:false,fn: function() { if (_tpt!==undefined && _tpt.prepareModuleHeight !== undefined) {  _tpt.prepareModuleHeight({id:\"SR7_1_1\",el:[700,700,600,700,550],type:'carousel',shdw:'0',gh:[700,700,600,700,550],gw:[1240,1240,1024,778,480],vpt:['-100px&#039;,&#039;-100px&#039;,&#039;-100px&#039;,&#039;-100px&#039;,&#039;-100px'],size:{fullWidth:true, fullHeight:false},mh:'0',onh:0,onw:0,bg:{color:'{\"type\":\"solid\",\"orig\":\"#f9fafb\",\"string\":\"rgba(249, 250, 251, 1)\"}'},carousel:{pt:'0',pb:'0'},plType:'7',plColor:'#111827'});   SR7.PMH[\"SR7_1_1\"].state=true;} else if(SR7.PMH[\"SR7_1_1\"].cn-->0)\tsetTimeout( SR7.PMH[\"SR7_1_1\"].fn,19);}};SR7.PMH[\"SR7_1_1\" ].fn();\n\t\t\t\t<\/script>\n\n<p>[\/et_pb_text][\/et_pb_column][\/et_pb_row][\/et_pb_section][et_pb_section fb_built=&#8221;1&#8243; _builder_version=&#8221;4.27.4&#8243; _module_preset=&#8221;default&#8221; background_color=&#8221;#f7f6f6&#8243; custom_margin=&#8221;0px||||false|false&#8221; custom_padding=&#8221;60px||||false|false&#8221; global_colors_info=&#8221;{}&#8221;][et_pb_row column_structure=&#8221;1_2,1_2&#8243; _builder_version=&#8221;4.23&#8243; _module_preset=&#8221;default&#8221; animation_style=&#8221;slide&#8221; animation_intensity_slide=&#8221;24%&#8221; global_colors_info=&#8221;{}&#8221;][et_pb_column type=&#8221;1_2&#8243; _builder_version=&#8221;4.23&#8243; _module_preset=&#8221;default&#8221; custom_padding=&#8221;||||true|false&#8221; global_colors_info=&#8221;%91%93&#8243;][et_pb_text _builder_version=&#8221;4.23&#8243; _module_preset=&#8221;default&#8221; header_2_font=&#8221;|600|||||||&#8221; header_2_font_size=&#8221;36px&#8221; header_2_line_height=&#8221;1.2em&#8221; global_colors_info=&#8221;{}&#8221;]<\/p>\n<h2>Solu\u00e7\u00f5es de cadeia de suprimentos e log\u00edstica para o Brasil.<\/h2>\n<p>O Brasil faz parte da rede Logistics Plus\u00ae. Esse escrit\u00f3rio oferece servi\u00e7os de agenciamento de frete a\u00e9reo e mar\u00edtimo, transporte dom\u00e9stico, armazenagem e distribui\u00e7\u00e3o, carga de projeto, importa\u00e7\u00e3o\/exporta\u00e7\u00e3o e conformidade comercial global.<\/p>\n<p><span>O Logistics Plus continua a se adaptar a um mundo em constante mudan\u00e7a<\/span><span>. Dizemos &#8220;<strong>sim<\/strong>&#8221; ao fornecer solu\u00e7\u00f5es criativas para qualquer desafio da cadeia de suprimentos.  <\/span><span>Combinando nossa for\u00e7a de trabalho apaixonada com tecnologia de classe mundial, somos \u00e1geis, inovadores, inteligentes e engenhosos.<\/span><\/p>\n<p>&nbsp;<\/p>\n<p>[\/et_pb_text][\/et_pb_column][et_pb_column type=&#8221;1_2&#8243; _builder_version=&#8221;4.23&#8243; _module_preset=&#8221;default&#8221; custom_padding=&#8221;||||true|false&#8221; global_colors_info=&#8221;%91%93&#8243;][et_pb_image src=&#8221;https:\/\/br.logisticsplus.com\/wp-content\/uploads\/sites\/12\/2024\/12\/brazil-homepage-image.png&#8221; alt=&#8221;imagem da p\u00e1gina inicial do brasil&#8221; title_text=&#8221;imagem da p\u00e1gina inicial do brasil&#8221; _builder_version=&#8221;4.25.1&#8243; _module_preset=&#8221;default&#8221; border_radii=&#8221;on|6px|6px|6px|6px&#8221; box_shadow_style=&#8221;preset1&#8243; box_shadow_vertical=&#8221;0px&#8221; box_shadow_spread=&#8221;-6px&#8221; global_colors_info=&#8221;{}&#8221;][\/et_pb_image][\/et_pb_column][\/et_pb_row][\/et_pb_section]<\/p>\n","protected":false},"excerpt":{"rendered":"<p>\n\t\t\t\t<p class=\"rs-p-wp-fix\"><\/p>\n\t\t\t\t<sr7-module data-alias=\"logistics-plus-homepage-1\" data-id=\"1\" id=\"SR7_1_2\" class=\"rs-ov-hidden\" data-version=\"6.7.41\">\n\t\t\t\t\t<sr7-adjuster><\/sr7-adjuster>\n\t\t\t\t\t<sr7-content>\n\t\t\t\t\t\t<sr7-carousel>\n\t\t\t\t\t\t<sr7-slide id=\"SR7_1_2-6\" data-key=\"6\">\n\t\t\t\t\t\t\t<h2 id=\"SR7_1_2-6-0\" class=\"sr7-layer\">Navegue pelas mudan\u00e7as globais e suba a novas alturas!<\/h2>\n\t\t\t\t\t\t\t<h3 id=\"SR7_1_2-6-7\" class=\"sr7-layer\">Logistics Plus Brazil<\/h3>\n\t\t\t\t\t\t<\/sr7-slide>\n\t\t\t\t\t\t<sr7-slide id=\"SR7_1_2-7\" data-key=\"7\">\n\t\t\t\t\t\t\t<sr7-bg id=\"SR7_1_2-7-25\" class=\"sr7-layer\"><noscript><img decoding=\"async\" src=\"https:\/\/br.logisticsplus.com\/wp-content\/uploads\/sites\/12\/2025\/01\/brazil-contact-slider-copy.webp\" alt=\"\" title=\"brazil-contact-slider copy\"><\/noscript><\/sr7-bg>\n\t\t\t\t\t\t\t<h2 id=\"SR7_1_2-7-0\" class=\"sr7-layer\">Entre em contato com nosso <br \/>\nEspecialistas em log\u00edstica hoje!<\/h2>\n\t\t\t\t\t\t\t<a id=\"SR7_1_2-7-2\" class=\"sr7-layer\" href=\"\/contact-lp-brazil\/\" target=\"_self\">Contact Us<\/a>\n\t\t\t\t\t\t\t<h3 id=\"SR7_1_2-7-7\" class=\"sr7-layer\">Pronto para se conectar?<\/h3>\n\t\t\t\t\t\t<\/sr7-slide>\n\t\t\t\t\t\t<sr7-slide id=\"SR7_1_2-2\" data-key=\"2\">\n\t\t\t\t\t\t\t<sr7-txt id=\"SR7_1_2-2-11\" class=\"sr7-layer\"><i class=\"material-icons\">arrow_forward<\/i><\/sr7-txt>\n\t\t\t\t\t\t\t<sr7-txt id=\"SR7_1_2-2-21\" class=\"sr7-layer\"><i class=\"material-icons\">arrow_back<\/i><\/sr7-txt>\n\t\t\t\t\t\t<\/sr7-slide>\n\t\t\t\t\t\t<\/sr7-carousel>\n\t\t\t\t\t<\/sr7-content>\n\t\t\t\t\t<image_lists style=\"display:none\">\n\t\t\t\t\t\t<img data-src=\"\/\/br.logisticsplus.com\/wp-content\/uploads\/sites\/12\/2025\/01\/brazil-contact-slider-copy.webp\" data-libid=\"47919\" data-lib=\"medialibrary\" title=\"brazil-contact-slider copy\" width=\"0\" height=\"0\" data-dbsrc=\"Ly9ici5sb2dpc3RpY3NwbHVzLmNvbS93cC1jb250ZW50L3VwbG9hZHMvc2l0ZXMvMTIvMjAyNS8wMS9icmF6aWwtY29udGFjdC1zbGlkZXItY29weS53ZWJw\"\/>\n\t\t\t\t\t<\/image_lists>\n\t\t\t\t<\/sr7-module>\n\t\t\t\t<script>\n\t\t\t\t\tSR7.PMH ??={}; SR7.PMH[\"SR7_1_2\"] = {cn:100,state:false,fn: function() { if (_tpt!==undefined && _tpt.prepareModuleHeight !== undefined) {  _tpt.prepareModuleHeight({id:\"SR7_1_2\",el:[700,700,600,700,550],type:'carousel',shdw:'0',gh:[700,700,600,700,550],gw:[1240,1240,1024,778,480],vpt:['-100px&#039;,&#039;-100px&#039;,&#039;-100px&#039;,&#039;-100px&#039;,&#039;-100px'],size:{fullWidth:true, fullHeight:false},mh:'0',onh:0,onw:0,bg:{color:'{\"type\":\"solid\",\"orig\":\"#f9fafb\",\"string\":\"rgba(249, 250, 251, 1)\"}'},carousel:{pt:'0',pb:'0'},plType:'7',plColor:'#111827'});   SR7.PMH[\"SR7_1_2\"].state=true;} else if(SR7.PMH[\"SR7_1_2\"].cn-->0)\tsetTimeout( SR7.PMH[\"SR7_1_2\"].fn,19);}};SR7.PMH[\"SR7_1_2\" ].fn();\n\t\t\t\t<\/script>\nSolu\u00e7\u00f5es de cadeia de suprimentos e log\u00edstica para o Brasil. O Brasil faz parte da rede Logistics Plus\u00ae. Esse escrit\u00f3rio oferece servi\u00e7os de agenciamento de frete a\u00e9reo e mar\u00edtimo, transporte dom\u00e9stico, armazenagem e distribui\u00e7\u00e3o, carga de projeto, importa\u00e7\u00e3o\/exporta\u00e7\u00e3o e conformidade comercial global. O Logistics Plus continua a se adaptar a um mundo em constante [&hellip;]<\/p>\n","protected":false},"author":19,"featured_media":0,"parent":0,"menu_order":0,"comment_status":"closed","ping_status":"closed","template":"","meta":{"_et_pb_use_builder":"on","_et_pb_old_content":"","_et_gb_content_width":"","footnotes":""},"class_list":["post-47858","page","type-page","status-publish","hentry"],"yoast_head":"<!-- This site is optimized with the Yoast SEO plugin v27.4 - https:\/\/yoast.com\/product\/yoast-seo-wordpress\/ -->\n<title>Logistics Plus Brazil - Bem-vindo!<\/title>\n<meta name=\"robots\" content=\"index, follow, max-snippet:-1, max-image-preview:large, max-video-preview:-1\" \/>\n<link rel=\"canonical\" href=\"https:\/\/br.logisticsplus.com\/pt-br\/\" \/>\n<meta property=\"og:locale\" content=\"pt_BR\" \/>\n<meta property=\"og:type\" content=\"article\" \/>\n<meta property=\"og:title\" content=\"Logistics Plus Brazil - Bem-vindo!\" \/>\n<meta property=\"og:description\" content=\"Solu\u00e7\u00f5es de cadeia de suprimentos e log\u00edstica para o Brasil. O Brasil faz parte da rede Logistics Plus\u00ae. Esse escrit\u00f3rio oferece servi\u00e7os de agenciamento de frete a\u00e9reo e mar\u00edtimo, transporte dom\u00e9stico, armazenagem e distribui\u00e7\u00e3o, carga de projeto, importa\u00e7\u00e3o\/exporta\u00e7\u00e3o e conformidade comercial global. O Logistics Plus continua a se adaptar a um mundo em constante [&hellip;]\" \/>\n<meta property=\"og:url\" content=\"https:\/\/br.logisticsplus.com\/pt-br\/\" \/>\n<meta property=\"og:site_name\" content=\"Brazil\" \/>\n<meta property=\"article:modified_time\" content=\"2024-12-19T16:17:56+00:00\" \/>\n<meta name=\"twitter:card\" content=\"summary_large_image\" \/>\n<meta name=\"twitter:label1\" content=\"Est. reading time\" \/>\n\t<meta name=\"twitter:data1\" content=\"2 minutes\" \/>\n<script type=\"application\/ld+json\" class=\"yoast-schema-graph\">{\"@context\":\"https:\\\/\\\/schema.org\",\"@graph\":[{\"@type\":\"WebPage\",\"@id\":\"https:\\\/\\\/br.logisticsplus.com\\\/pt-br\\\/\",\"url\":\"https:\\\/\\\/br.logisticsplus.com\\\/pt-br\\\/\",\"name\":\"Logistics Plus Brazil - Bem-vindo!\",\"isPartOf\":{\"@id\":\"https:\\\/\\\/br.logisticsplus.com\\\/pt-br\\\/#website\"},\"datePublished\":\"2024-09-17T13:40:35+00:00\",\"dateModified\":\"2024-12-19T16:17:56+00:00\",\"breadcrumb\":{\"@id\":\"https:\\\/\\\/br.logisticsplus.com\\\/pt-br\\\/#breadcrumb\"},\"inLanguage\":\"pt-BR\",\"potentialAction\":[{\"@type\":\"ReadAction\",\"target\":[\"https:\\\/\\\/br.logisticsplus.com\\\/pt-br\\\/\"]}]},{\"@type\":\"BreadcrumbList\",\"@id\":\"https:\\\/\\\/br.logisticsplus.com\\\/pt-br\\\/#breadcrumb\",\"itemListElement\":[{\"@type\":\"ListItem\",\"position\":1,\"name\":\"Home\",\"item\":\"https:\\\/\\\/br.logisticsplus.com\\\/pt-br\\\/\"},{\"@type\":\"ListItem\",\"position\":2,\"name\":\"In\u00edcio\"}]},{\"@type\":\"WebSite\",\"@id\":\"https:\\\/\\\/br.logisticsplus.com\\\/pt-br\\\/#website\",\"url\":\"https:\\\/\\\/br.logisticsplus.com\\\/pt-br\\\/\",\"name\":\"Brazil\",\"description\":\"Logistics Plus Transportation, Warehousing, Supply Chain\",\"potentialAction\":[{\"@type\":\"SearchAction\",\"target\":{\"@type\":\"EntryPoint\",\"urlTemplate\":\"https:\\\/\\\/br.logisticsplus.com\\\/pt-br\\\/?s={search_term_string}\"},\"query-input\":{\"@type\":\"PropertyValueSpecification\",\"valueRequired\":true,\"valueName\":\"search_term_string\"}}],\"inLanguage\":\"pt-BR\"}]}<\/script>\n<!-- \/ Yoast SEO plugin. -->","yoast_head_json":{"title":"Logistics Plus Brazil - Bem-vindo!","robots":{"index":"index","follow":"follow","max-snippet":"max-snippet:-1","max-image-preview":"max-image-preview:large","max-video-preview":"max-video-preview:-1"},"canonical":"https:\/\/br.logisticsplus.com\/pt-br\/","og_locale":"pt_BR","og_type":"article","og_title":"Logistics Plus Brazil - Bem-vindo!","og_description":"Solu\u00e7\u00f5es de cadeia de suprimentos e log\u00edstica para o Brasil. O Brasil faz parte da rede Logistics Plus\u00ae. Esse escrit\u00f3rio oferece servi\u00e7os de agenciamento de frete a\u00e9reo e mar\u00edtimo, transporte dom\u00e9stico, armazenagem e distribui\u00e7\u00e3o, carga de projeto, importa\u00e7\u00e3o\/exporta\u00e7\u00e3o e conformidade comercial global. O Logistics Plus continua a se adaptar a um mundo em constante [&hellip;]","og_url":"https:\/\/br.logisticsplus.com\/pt-br\/","og_site_name":"Brazil","article_modified_time":"2024-12-19T16:17:56+00:00","twitter_card":"summary_large_image","twitter_misc":{"Est. reading time":"2 minutes"},"schema":{"@context":"https:\/\/schema.org","@graph":[{"@type":"WebPage","@id":"https:\/\/br.logisticsplus.com\/pt-br\/","url":"https:\/\/br.logisticsplus.com\/pt-br\/","name":"Logistics Plus Brazil - Bem-vindo!","isPartOf":{"@id":"https:\/\/br.logisticsplus.com\/pt-br\/#website"},"datePublished":"2024-09-17T13:40:35+00:00","dateModified":"2024-12-19T16:17:56+00:00","breadcrumb":{"@id":"https:\/\/br.logisticsplus.com\/pt-br\/#breadcrumb"},"inLanguage":"pt-BR","potentialAction":[{"@type":"ReadAction","target":["https:\/\/br.logisticsplus.com\/pt-br\/"]}]},{"@type":"BreadcrumbList","@id":"https:\/\/br.logisticsplus.com\/pt-br\/#breadcrumb","itemListElement":[{"@type":"ListItem","position":1,"name":"Home","item":"https:\/\/br.logisticsplus.com\/pt-br\/"},{"@type":"ListItem","position":2,"name":"In\u00edcio"}]},{"@type":"WebSite","@id":"https:\/\/br.logisticsplus.com\/pt-br\/#website","url":"https:\/\/br.logisticsplus.com\/pt-br\/","name":"Brazil","description":"Logistics Plus Transportation, Warehousing, Supply Chain","potentialAction":[{"@type":"SearchAction","target":{"@type":"EntryPoint","urlTemplate":"https:\/\/br.logisticsplus.com\/pt-br\/?s={search_term_string}"},"query-input":{"@type":"PropertyValueSpecification","valueRequired":true,"valueName":"search_term_string"}}],"inLanguage":"pt-BR"}]}},"_links":{"self":[{"href":"https:\/\/br.logisticsplus.com\/pt-br\/wp-json\/wp\/v2\/pages\/47858","targetHints":{"allow":["GET"]}}],"collection":[{"href":"https:\/\/br.logisticsplus.com\/pt-br\/wp-json\/wp\/v2\/pages"}],"about":[{"href":"https:\/\/br.logisticsplus.com\/pt-br\/wp-json\/wp\/v2\/types\/page"}],"author":[{"embeddable":true,"href":"https:\/\/br.logisticsplus.com\/pt-br\/wp-json\/wp\/v2\/users\/19"}],"replies":[{"embeddable":true,"href":"https:\/\/br.logisticsplus.com\/pt-br\/wp-json\/wp\/v2\/comments?post=47858"}],"version-history":[{"count":10,"href":"https:\/\/br.logisticsplus.com\/pt-br\/wp-json\/wp\/v2\/pages\/47858\/revisions"}],"predecessor-version":[{"id":47901,"href":"https:\/\/br.logisticsplus.com\/pt-br\/wp-json\/wp\/v2\/pages\/47858\/revisions\/47901"}],"wp:attachment":[{"href":"https:\/\/br.logisticsplus.com\/pt-br\/wp-json\/wp\/v2\/media?parent=47858"}],"curies":[{"name":"wp","href":"https:\/\/api.w.org\/{rel}","templated":true}]}}