{"id":47868,"date":"2024-09-17T18:36:57","date_gmt":"2024-09-17T18:36:57","guid":{"rendered":"https:\/\/br.logisticsplus.com\/alfandega-e-conformidade\/"},"modified":"2024-12-19T15:21:36","modified_gmt":"2024-12-19T15:21:36","slug":"alfandega-e-conformidade","status":"publish","type":"page","link":"https:\/\/br.logisticsplus.com\/pt-br\/alfandega-e-conformidade\/","title":{"rendered":"Alf\u00e2ndega e conformidade"},"content":{"rendered":"<p>[et_pb_section fb_built=&#8221;1&#8243; fullwidth=&#8221;on&#8221; _builder_version=&#8221;4.23&#8243; _module_preset=&#8221;default&#8221; global_colors_info=&#8221;{}&#8221;][et_pb_fullwidth_header title=&#8221;Alf\u00e2ndega e conformidade&#8221; subhead=&#8221;A Logistics Plus Brazil oferece servi\u00e7os alfandeg\u00e1rios e de conformidade para que voc\u00ea permane\u00e7a em conformidade com as regras do com\u00e9rcio internacional.&#8221; _builder_version=&#8221;4.25.1&#8243; _module_preset=&#8221;default&#8221; title_font=&#8221;|700|||||||&#8221; title_font_size=&#8221;72px&#8221; title_line_height=&#8221;1.25em&#8221; content_font_size=&#8221;24px&#8221; content_line_height=&#8221;1.2em&#8221; subhead_font_size=&#8221;24px&#8221; subhead_line_height=&#8221;1.2em&#8221; background_color=&#8221;#296bb7&#8243; background_image=&#8221;https:\/\/br.logisticsplus.com\/wp-content\/uploads\/sites\/12\/2024\/12\/brazil-customs.jpg&#8221; custom_padding=&#8221;120px||120px||false|false&#8221; border_radii_image=&#8221;off||||&#8221; global_colors_info=&#8221;{}&#8221;][\/et_pb_fullwidth_header][\/et_pb_section][et_pb_section fb_built=&#8221;1&#8243; _builder_version=&#8221;4.23&#8243; _module_preset=&#8221;default&#8221; background_color=&#8221;#f7f6f6&#8243; custom_padding=&#8221;60px||||false|false&#8221; global_colors_info=&#8221;{}&#8221;][et_pb_row column_structure=&#8221;1_2,1_2&#8243; _builder_version=&#8221;4.23&#8243; _module_preset=&#8221;default&#8221; animation_style=&#8221;slide&#8221; animation_intensity_slide=&#8221;24%&#8221; global_colors_info=&#8221;{}&#8221;][et_pb_column type=&#8221;1_2&#8243; _builder_version=&#8221;4.23&#8243; _module_preset=&#8221;default&#8221; custom_padding=&#8221;||||true|false&#8221; global_colors_info=&#8221;%91%93&#8243;][et_pb_text _builder_version=&#8221;4.25.1&#8243; _module_preset=&#8221;default&#8221; header_2_font=&#8221;|600|||||||&#8221; header_2_font_size=&#8221;36px&#8221; header_2_line_height=&#8221;1.2em&#8221; global_colors_info=&#8221;{}&#8221;]<\/p>\n<h2>Simplificando o processo de com\u00e9rcio global.<\/h2>\n<p>A Logistics Plus Brasil ajudar\u00e1 voc\u00ea a evitar discrep\u00e2ncias nas informa\u00e7\u00f5es alfandeg\u00e1rias que podem causar aumento de custos e atrasos. Nosso servi\u00e7o de despachante aduaneiro altamente profissional oferece uma combina\u00e7\u00e3o \u00fanica de atendimento ao cliente, planejamento criativo e arquivamento eficaz para que sua carga seja liberada e siga seu caminho.<\/p>\n<p>O estabelecimento de procedimentos alfandeg\u00e1rios e de conformidade \u00e9 fundamental para que os importadores e exportadores permane\u00e7am em boa situa\u00e7\u00e3o perante os \u00f3rg\u00e3os governamentais. A Logistics Plus entende os meandros do com\u00e9rcio global &#8211; permita-nos ajudar voc\u00ea.<\/p>\n<p>[\/et_pb_text][\/et_pb_column][et_pb_column type=&#8221;1_2&#8243; _builder_version=&#8221;4.23&#8243; _module_preset=&#8221;default&#8221; custom_padding=&#8221;||||true|false&#8221; global_colors_info=&#8221;%91%93&#8243;][et_pb_image src=&#8221;https:\/\/pl.beta.logisticsplus.com\/wp-content\/uploads\/sites\/12\/2024\/09\/customs-and-compliance-1.jpg&#8221; title_text=&#8221;costumes e conformidade-1&#8243; _builder_version=&#8221;4.25.1&#8243; _module_preset=&#8221;default&#8221; border_radii=&#8221;on|6px|6px|6px|6px&#8221; box_shadow_style=&#8221;preset1&#8243; box_shadow_vertical=&#8221;0px&#8221; box_shadow_spread=&#8221;-6px&#8221; global_colors_info=&#8221;{}&#8221;][\/et_pb_image][\/et_pb_column][\/et_pb_row][\/et_pb_section][et_pb_section fb_built=&#8221;1&#8243; _builder_version=&#8221;4.23&#8243; _module_preset=&#8221;default&#8221; background_color=&#8221;#ffffff&#8221; custom_padding=&#8221;0px||0px||false|false&#8221; global_colors_info=&#8221;{}&#8221;][et_pb_row column_structure=&#8221;1_2,1_2&#8243; _builder_version=&#8221;4.23&#8243; _module_preset=&#8221;default&#8221; animation_style=&#8221;slide&#8221; animation_intensity_slide=&#8221;24%&#8221; global_colors_info=&#8221;{}&#8221;][et_pb_column type=&#8221;1_2&#8243; _builder_version=&#8221;4.23&#8243; _module_preset=&#8221;default&#8221; custom_padding=&#8221;||||true|false&#8221; global_colors_info=&#8221;%91%93&#8243;][et_pb_text module_class=&#8221;custom_checkmark_bullets&#8221; _builder_version=&#8221;4.25.1&#8243; _module_preset=&#8221;default&#8221; header_3_font=&#8221;|600|||||||&#8221; header_3_text_color=&#8221;#296bb7&#8243; header_3_font_size=&#8221;24px&#8221; header_3_line_height=&#8221;1.2em&#8221; custom_padding=&#8221;||||false|false&#8221; global_colors_info=&#8221;{}&#8221;]<\/p>\n<h3>Servi\u00e7os alfandeg\u00e1rios e de conformidade:<\/h3>\n<ul>\n<li>Desembara\u00e7o aduaneiro de importa\u00e7\u00e3o\/exporta\u00e7\u00e3o<\/li>\n<li>Servi\u00e7os de importador de registro (IOR)<\/li>\n<li>Servi\u00e7os de exportador de registro (EOR)<\/li>\n<li>Classifica\u00e7\u00e3o do c\u00f3digo HS<\/li>\n<li>Programa\u00e7\u00f5es tarif\u00e1rias<\/li>\n<li>Taxas e impostos<\/li>\n<\/ul>\n<p>[\/et_pb_text][\/et_pb_column][et_pb_column type=&#8221;1_2&#8243; _builder_version=&#8221;4.23&#8243; _module_preset=&#8221;default&#8221; custom_padding=&#8221;||||true|false&#8221; global_colors_info=&#8221;%91%93&#8243;][et_pb_text _builder_version=&#8221;4.23&#8243; _module_preset=&#8221;default&#8221; header_2_font=&#8221;|600|||||||&#8221; header_2_font_size=&#8221;30px&#8221; header_2_line_height=&#8221;1.2em&#8221; global_colors_info=&#8221;{}&#8221;]<\/p>\n<h2>Voc\u00ea est\u00e1 pronto para come\u00e7ar?<\/h2>\n<p><span>Independentemente da origem ou do destino de suas mercadorias, o Logistics Plus ajudar\u00e1 voc\u00ea a realizar a devida dilig\u00eancia necess\u00e1ria para garantir que suas remessas atendam \u00e0s regulamenta\u00e7\u00f5es internacionais. Para perguntas, or\u00e7amentos ou mais informa\u00e7\u00f5es, entre em contato conosco hoje mesmo clicando no bot\u00e3o abaixo.<\/span><\/p>\n<p>[\/et_pb_text][et_pb_button button_url=&#8221;\/contact-lp-japan\/&#8221; button_text=&#8221;Solicitar or\u00e7amento&#8221; _builder_version=&#8221;4.25.1&#8243; _module_preset=&#8221;default&#8221; custom_button=&#8221;on&#8221; button_text_size=&#8221;24px&#8221; button_text_color=&#8221;#ffffff&#8221; button_bg_color=&#8221;#296bb7&#8243; button_border_width=&#8221;0px&#8221; button_border_radius=&#8221;48px&#8221; button_icon=&#8221;&#xf0e0;||fa||900&#8243; button_icon_placement=&#8221;left&#8221; custom_padding=&#8221;12px|48px|12px|66px|false|false&#8221; box_shadow_style=&#8221;preset1&#8243; box_shadow_vertical=&#8221;0px&#8221; box_shadow_spread=&#8221;-6px&#8221; global_colors_info=&#8221;{}&#8221;][\/et_pb_button][\/et_pb_column][\/et_pb_row][\/et_pb_section]<\/p>\n","protected":false},"excerpt":{"rendered":"<p>Simplificando o processo de com\u00e9rcio global. A Logistics Plus Brasil ajudar\u00e1 voc\u00ea a evitar discrep\u00e2ncias nas informa\u00e7\u00f5es alfandeg\u00e1rias que podem causar aumento de custos e atrasos. Nosso servi\u00e7o de despachante aduaneiro altamente profissional oferece uma combina\u00e7\u00e3o \u00fanica de atendimento ao cliente, planejamento criativo e arquivamento eficaz para que sua carga seja liberada e siga seu [&hellip;]<\/p>\n","protected":false},"author":19,"featured_media":0,"parent":47861,"menu_order":0,"comment_status":"closed","ping_status":"closed","template":"","meta":{"_et_pb_use_builder":"on","_et_pb_old_content":"","_et_gb_content_width":"","footnotes":""},"class_list":["post-47868","page","type-page","status-publish","hentry"],"yoast_head":"<!-- This site is optimized with the Yoast SEO plugin v27.3 - https:\/\/yoast.com\/product\/yoast-seo-wordpress\/ -->\n<title>Alf\u00e2ndega e conformidade - LP Brasil<\/title>\n<meta name=\"description\" content=\"A Logistics Plus Brazil oferece servi\u00e7os alfandeg\u00e1rios e de conformidade, incluindo desembara\u00e7o de importa\u00e7\u00e3o\/exporta\u00e7\u00e3o, servi\u00e7os IOR e EOR, c\u00f3digos HS e muito mais.\" \/>\n<meta name=\"robots\" content=\"index, follow, max-snippet:-1, max-image-preview:large, max-video-preview:-1\" \/>\n<link rel=\"canonical\" href=\"https:\/\/br.logisticsplus.com\/pt-br\/alfandega-e-conformidade\/\" \/>\n<meta property=\"og:locale\" content=\"pt_BR\" \/>\n<meta property=\"og:type\" content=\"article\" \/>\n<meta property=\"og:title\" content=\"Alf\u00e2ndega e conformidade - LP Brasil\" \/>\n<meta property=\"og:description\" content=\"A Logistics Plus Brazil oferece servi\u00e7os alfandeg\u00e1rios e de conformidade, incluindo desembara\u00e7o de importa\u00e7\u00e3o\/exporta\u00e7\u00e3o, servi\u00e7os IOR e EOR, c\u00f3digos HS e muito mais.\" \/>\n<meta property=\"og:url\" content=\"https:\/\/br.logisticsplus.com\/pt-br\/alfandega-e-conformidade\/\" \/>\n<meta property=\"og:site_name\" content=\"Brazil\" \/>\n<meta property=\"article:modified_time\" content=\"2024-12-19T15:21:36+00:00\" \/>\n<meta name=\"twitter:card\" content=\"summary_large_image\" \/>\n<meta name=\"twitter:label1\" content=\"Est. reading time\" \/>\n\t<meta name=\"twitter:data1\" content=\"3 minutes\" \/>\n<script type=\"application\/ld+json\" class=\"yoast-schema-graph\">{\"@context\":\"https:\\\/\\\/schema.org\",\"@graph\":[{\"@type\":\"WebPage\",\"@id\":\"https:\\\/\\\/br.logisticsplus.com\\\/pt-br\\\/alfandega-e-conformidade\\\/\",\"url\":\"https:\\\/\\\/br.logisticsplus.com\\\/pt-br\\\/alfandega-e-conformidade\\\/\",\"name\":\"Alf\u00e2ndega e conformidade - LP Brasil\",\"isPartOf\":{\"@id\":\"https:\\\/\\\/br.logisticsplus.com\\\/pt-br\\\/#website\"},\"datePublished\":\"2024-09-17T18:36:57+00:00\",\"dateModified\":\"2024-12-19T15:21:36+00:00\",\"description\":\"A Logistics Plus Brazil oferece servi\u00e7os alfandeg\u00e1rios e de conformidade, incluindo desembara\u00e7o de importa\u00e7\u00e3o\\\/exporta\u00e7\u00e3o, servi\u00e7os IOR e EOR, c\u00f3digos HS e muito mais.\",\"breadcrumb\":{\"@id\":\"https:\\\/\\\/br.logisticsplus.com\\\/pt-br\\\/alfandega-e-conformidade\\\/#breadcrumb\"},\"inLanguage\":\"pt-BR\",\"potentialAction\":[{\"@type\":\"ReadAction\",\"target\":[\"https:\\\/\\\/br.logisticsplus.com\\\/pt-br\\\/alfandega-e-conformidade\\\/\"]}]},{\"@type\":\"BreadcrumbList\",\"@id\":\"https:\\\/\\\/br.logisticsplus.com\\\/pt-br\\\/alfandega-e-conformidade\\\/#breadcrumb\",\"itemListElement\":[{\"@type\":\"ListItem\",\"position\":1,\"name\":\"Home\",\"item\":\"https:\\\/\\\/br.logisticsplus.com\\\/pt-br\\\/\"},{\"@type\":\"ListItem\",\"position\":2,\"name\":\"Servi\u00e7os\",\"item\":\"https:\\\/\\\/br.logisticsplus.com\\\/pt-br\\\/?page_id=37299\"},{\"@type\":\"ListItem\",\"position\":3,\"name\":\"Alf\u00e2ndega e conformidade\"}]},{\"@type\":\"WebSite\",\"@id\":\"https:\\\/\\\/br.logisticsplus.com\\\/pt-br\\\/#website\",\"url\":\"https:\\\/\\\/br.logisticsplus.com\\\/pt-br\\\/\",\"name\":\"Brazil\",\"description\":\"Logistics Plus Transportation, Warehousing, Supply Chain\",\"potentialAction\":[{\"@type\":\"SearchAction\",\"target\":{\"@type\":\"EntryPoint\",\"urlTemplate\":\"https:\\\/\\\/br.logisticsplus.com\\\/pt-br\\\/?s={search_term_string}\"},\"query-input\":{\"@type\":\"PropertyValueSpecification\",\"valueRequired\":true,\"valueName\":\"search_term_string\"}}],\"inLanguage\":\"pt-BR\"}]}<\/script>\n<!-- \/ Yoast SEO plugin. -->","yoast_head_json":{"title":"Alf\u00e2ndega e conformidade - LP Brasil","description":"A Logistics Plus Brazil oferece servi\u00e7os alfandeg\u00e1rios e de conformidade, incluindo desembara\u00e7o de importa\u00e7\u00e3o\/exporta\u00e7\u00e3o, servi\u00e7os IOR e EOR, c\u00f3digos HS e muito mais.","robots":{"index":"index","follow":"follow","max-snippet":"max-snippet:-1","max-image-preview":"max-image-preview:large","max-video-preview":"max-video-preview:-1"},"canonical":"https:\/\/br.logisticsplus.com\/pt-br\/alfandega-e-conformidade\/","og_locale":"pt_BR","og_type":"article","og_title":"Alf\u00e2ndega e conformidade - LP Brasil","og_description":"A Logistics Plus Brazil oferece servi\u00e7os alfandeg\u00e1rios e de conformidade, incluindo desembara\u00e7o de importa\u00e7\u00e3o\/exporta\u00e7\u00e3o, servi\u00e7os IOR e EOR, c\u00f3digos HS e muito mais.","og_url":"https:\/\/br.logisticsplus.com\/pt-br\/alfandega-e-conformidade\/","og_site_name":"Brazil","article_modified_time":"2024-12-19T15:21:36+00:00","twitter_card":"summary_large_image","twitter_misc":{"Est. reading time":"3 minutes"},"schema":{"@context":"https:\/\/schema.org","@graph":[{"@type":"WebPage","@id":"https:\/\/br.logisticsplus.com\/pt-br\/alfandega-e-conformidade\/","url":"https:\/\/br.logisticsplus.com\/pt-br\/alfandega-e-conformidade\/","name":"Alf\u00e2ndega e conformidade - LP Brasil","isPartOf":{"@id":"https:\/\/br.logisticsplus.com\/pt-br\/#website"},"datePublished":"2024-09-17T18:36:57+00:00","dateModified":"2024-12-19T15:21:36+00:00","description":"A Logistics Plus Brazil oferece servi\u00e7os alfandeg\u00e1rios e de conformidade, incluindo desembara\u00e7o de importa\u00e7\u00e3o\/exporta\u00e7\u00e3o, servi\u00e7os IOR e EOR, c\u00f3digos HS e muito mais.","breadcrumb":{"@id":"https:\/\/br.logisticsplus.com\/pt-br\/alfandega-e-conformidade\/#breadcrumb"},"inLanguage":"pt-BR","potentialAction":[{"@type":"ReadAction","target":["https:\/\/br.logisticsplus.com\/pt-br\/alfandega-e-conformidade\/"]}]},{"@type":"BreadcrumbList","@id":"https:\/\/br.logisticsplus.com\/pt-br\/alfandega-e-conformidade\/#breadcrumb","itemListElement":[{"@type":"ListItem","position":1,"name":"Home","item":"https:\/\/br.logisticsplus.com\/pt-br\/"},{"@type":"ListItem","position":2,"name":"Servi\u00e7os","item":"https:\/\/br.logisticsplus.com\/pt-br\/?page_id=37299"},{"@type":"ListItem","position":3,"name":"Alf\u00e2ndega e conformidade"}]},{"@type":"WebSite","@id":"https:\/\/br.logisticsplus.com\/pt-br\/#website","url":"https:\/\/br.logisticsplus.com\/pt-br\/","name":"Brazil","description":"Logistics Plus Transportation, Warehousing, Supply Chain","potentialAction":[{"@type":"SearchAction","target":{"@type":"EntryPoint","urlTemplate":"https:\/\/br.logisticsplus.com\/pt-br\/?s={search_term_string}"},"query-input":{"@type":"PropertyValueSpecification","valueRequired":true,"valueName":"search_term_string"}}],"inLanguage":"pt-BR"}]}},"_links":{"self":[{"href":"https:\/\/br.logisticsplus.com\/pt-br\/wp-json\/wp\/v2\/pages\/47868","targetHints":{"allow":["GET"]}}],"collection":[{"href":"https:\/\/br.logisticsplus.com\/pt-br\/wp-json\/wp\/v2\/pages"}],"about":[{"href":"https:\/\/br.logisticsplus.com\/pt-br\/wp-json\/wp\/v2\/types\/page"}],"author":[{"embeddable":true,"href":"https:\/\/br.logisticsplus.com\/pt-br\/wp-json\/wp\/v2\/users\/19"}],"replies":[{"embeddable":true,"href":"https:\/\/br.logisticsplus.com\/pt-br\/wp-json\/wp\/v2\/comments?post=47868"}],"version-history":[{"count":1,"href":"https:\/\/br.logisticsplus.com\/pt-br\/wp-json\/wp\/v2\/pages\/47868\/revisions"}],"predecessor-version":[{"id":47871,"href":"https:\/\/br.logisticsplus.com\/pt-br\/wp-json\/wp\/v2\/pages\/47868\/revisions\/47871"}],"up":[{"embeddable":true,"href":"https:\/\/br.logisticsplus.com\/pt-br\/wp-json\/wp\/v2\/pages\/47861"}],"wp:attachment":[{"href":"https:\/\/br.logisticsplus.com\/pt-br\/wp-json\/wp\/v2\/media?parent=47868"}],"curies":[{"name":"wp","href":"https:\/\/api.w.org\/{rel}","templated":true}]}}